{"id":80,"date":"2020-10-26T10:59:33","date_gmt":"2020-10-26T09:59:33","guid":{"rendered":"http:\/\/tugceacemoglu.com\/?page_id=80"},"modified":"2020-11-03T06:39:08","modified_gmt":"2020-11-03T05:39:08","slug":"yuksek-lisans-tez","status":"publish","type":"page","link":"https:\/\/tugceacemoglu.com\/index.php\/yuksek-lisans-tez\/","title":{"rendered":"Y\u00fcksek Lisans Tez &#8211; \u00d6zet"},"content":{"rendered":"\n<blockquote class=\"wp-block-quote\"><p>\u201c<em>\u0130li\u015fki Modellerinde Ba\u011flanma Stillerinin ve Utan\u00e7 E\u011filiminin Rol\u00fc<\/em>\u201d<\/p><\/blockquote>\n\n\n\n<p>Bu \u00e7al\u0131\u015fma, utanc\u0131n ili\u015fkileraras\u0131ndaki rol\u00fcne dikkat \u00e7ekerek, ba\u011flanma stilleri, utan\u00e7 e\u011filimi ve \u0130li\u015fki Modellerini (Kom\u00fcnal Payla\u015f\u0131m, Yetke S\u0131ralamas\u0131, E\u015fitlik E\u015flemesi ve Piyasa De\u011feri) kullanma e\u011filimi aras\u0131ndaki ili\u015fkileri ara\u015ft\u0131rmay\u0131 ama\u00e7lamaktad\u0131r. Her \u00fc\u00e7 teoriye de bireysel geli\u015fimsel psikoloji ve ili\u015fkisel benlik \u00fczerinden yakla\u015f\u0131lm\u0131\u015ft\u0131r. Ara\u015ft\u0131rmaya ya\u015flar\u0131 18 ile 30 aras\u0131nda de\u011fi\u015fen 386 gen\u00e7 yeti\u015fkin kat\u0131lm\u0131\u015ft\u0131r, kat\u0131l\u0131mc\u0131lar\u0131n \u00e7o\u011fu \u0130stanbul Bilgi \u00dcniversitesi \u00f6\u011frencisidir. Ba\u011flanma stilleri \u0130li\u015fki \u00d6l\u00e7ekleri Anketi ile, utan\u00e7 e\u011filimi Bireysel Duygulan\u0131m Anketi ile, ili\u015fki modelleri kullan\u0131m\u0131 ise \u0130li\u015fki Bi\u00e7imleri Anketi\u2019nin g\u00f6zden ge\u00e7irilmi\u015f bir versiyonu kullan\u0131larak \u00f6l\u00e7\u00fclm\u00fc\u015ft\u00fcr. G\u00fcvenli ba\u011flanan ki\u015filerin utan\u00e7 e\u011filimleri artsa da Kom\u00fcnal Payla\u015f\u0131m\u0131 tercih edeceklerini \u00f6ne s\u00fcren hipotez do\u011frulanm\u0131\u015ft\u0131r ve buna ek olarak, utan\u00e7 e\u011filimleri artt\u0131k\u00e7a Kom\u00fcnal Payla\u015f\u0131m kullan\u0131mlar\u0131n\u0131n daha da artt\u0131\u011f\u0131 g\u00f6zlemlenmi\u015ftir. Ba\u011flanma stilleri ile utan\u00e7 e\u011filimi aras\u0131ndaki ili\u015fkiler ile ilgili \u00f6ne s\u00fcr\u00fclen hipotezler de beklenen do\u011frultuda \u00e7\u0131km\u0131\u015ft\u0131r: G\u00fcvenli ba\u011flanan kat\u0131l\u0131mc\u0131lar\u0131n utan\u00e7 e\u011filimi skorlar\u0131n\u0131n g\u00fcvensiz ba\u011flananlara g\u00f6re daha d\u00fc\u015f\u00fck seviyede oldu\u011fu, g\u00fcvensiz ba\u011flananlar aras\u0131nda ise \u201csaplant\u0131l\u0131\u201d ve \u201ckorkulu\u201d ba\u011flanan kat\u0131l\u0131mc\u0131lar\u0131n utan\u00e7 deneyimini daha s\u0131k ya\u015fad\u0131klar\u0131 bulunmu\u015ftur. Son olarak, utan\u00e7 ve su\u00e7luluk e\u011filiminin her ikisi de d\u00fc\u015f\u00fck olan kat\u0131l\u0131mc\u0131lar\u0131n ba\u011fland\u0131klar\u0131 ili\u015fkilerde daha g\u00fcvenli hissettikleri bulunmu\u015f, ilgili hipotez desteklenmi\u015ftir. Ek olarak, utan\u00e7 e\u011filimi seviyesi artt\u0131k\u00e7a Yetke S\u0131ralamas\u0131, E\u015fitlik E\u015flemesi ve Piyasa De\u011feri ili\u015fki modelleri kullan\u0131m\u0131n\u0131n anlaml\u0131 derecede artt\u0131\u011f\u0131 bulunmu\u015ftur. Ayn\u0131 zamanda utan\u00e7 ve su\u00e7luluk e\u011filiminin Yetke S\u0131ralamas\u0131 ve Piyasa De\u011feri kullan\u0131m\u0131 ile pozitif ili\u015fkili oldu\u011fu g\u00f6r\u00fclm\u00fc\u015ft\u00fcr. Bu \u00e7al\u0131\u015fma ile, ili\u015fkilerin \u0130li\u015fki Modelleri a\u00e7\u0131s\u0131ndan nas\u0131l ya\u015fant\u0131land\u0131\u011f\u0131 d\u00fc\u015f\u00fcn\u00fcld\u00fc\u011f\u00fcnde, ba\u011flanma stilleri ve ne kadar s\u0131k utan\u00e7 deneyimi ya\u015fand\u0131\u011f\u0131 hakk\u0131nda anlaml\u0131 bilgilere ula\u015f\u0131labilece\u011fi bulunmu\u015ftur. Bulgular tart\u0131\u015f\u0131lm\u0131\u015f, ileri ara\u015ft\u0131rmalar i\u00e7in \u00f6neriler sunulmu\u015ftur.<\/p>\n\n\n\n<p><\/p>\n","protected":false},"excerpt":{"rendered":"<p>\u201c\u0130li\u015fki Modellerinde Ba\u011flanma Stillerinin ve Utan\u00e7 E\u011filiminin Rol\u00fc\u201d Bu \u00e7al\u0131\u015fma, utanc\u0131n ili\u015fkileraras\u0131ndaki rol\u00fcne dikkat \u00e7ekerek, ba\u011flanma stilleri, utan\u00e7 e\u011filimi ve \u0130li\u015fki Modellerini (Kom\u00fcnal Payla\u015f\u0131m, Yetke S\u0131ralamas\u0131, E\u015fitlik E\u015flemesi ve Piyasa De\u011feri) kullanma e\u011filimi aras\u0131ndaki ili\u015fkileri ara\u015ft\u0131rmay\u0131 ama\u00e7lamaktad\u0131r. Her \u00fc\u00e7 teoriye de bireysel geli\u015fimsel psikoloji ve ili\u015fkisel benlik \u00fczerinden yakla\u015f\u0131lm\u0131\u015ft\u0131r. Ara\u015ft\u0131rmaya ya\u015flar\u0131 18 ile 30 aras\u0131nda [&hellip;]<\/p>\n","protected":false},"author":1,"featured_media":0,"parent":0,"menu_order":0,"comment_status":"closed","ping_status":"closed","template":"","meta":[],"_links":{"self":[{"href":"https:\/\/tugceacemoglu.com\/index.php\/wp-json\/wp\/v2\/pages\/80"}],"collection":[{"href":"https:\/\/tugceacemoglu.com\/index.php\/wp-json\/wp\/v2\/pages"}],"about":[{"href":"https:\/\/tugceacemoglu.com\/index.php\/wp-json\/wp\/v2\/types\/page"}],"author":[{"embeddable":true,"href":"https:\/\/tugceacemoglu.com\/index.php\/wp-json\/wp\/v2\/users\/1"}],"replies":[{"embeddable":true,"href":"https:\/\/tugceacemoglu.com\/index.php\/wp-json\/wp\/v2\/comments?post=80"}],"version-history":[{"count":11,"href":"https:\/\/tugceacemoglu.com\/index.php\/wp-json\/wp\/v2\/pages\/80\/revisions"}],"predecessor-version":[{"id":267,"href":"https:\/\/tugceacemoglu.com\/index.php\/wp-json\/wp\/v2\/pages\/80\/revisions\/267"}],"wp:attachment":[{"href":"https:\/\/tugceacemoglu.com\/index.php\/wp-json\/wp\/v2\/media?parent=80"}],"curies":[{"name":"wp","href":"https:\/\/api.w.org\/{rel}","templated":true}]}}