{"id":799,"date":"2024-04-20T23:32:06","date_gmt":"2024-04-20T22:32:06","guid":{"rendered":"http:\/\/tugceacemoglu.com\/?page_id=799"},"modified":"2024-04-20T23:45:04","modified_gmt":"2024-04-20T22:45:04","slug":"bir-annenin-dogusu-kitabindan","status":"publish","type":"page","link":"https:\/\/tugceacemoglu.com\/index.php\/bir-annenin-dogusu-kitabindan\/","title":{"rendered":"&#8220;Bir Annenin Do\u011fu\u015fu&#8221; Kitab\u0131ndan:"},"content":{"rendered":"\n<p>&#8220;Bu kitap, anne olman\u0131n i\u00e7sel ve \u00e7o\u011funlukla \u00f6zel olan deneyimi \u00fczerinedir. bir anlamda, bebe\u011finin fiziksel olarak do\u011fmas\u0131 gibi annenin de psikolojik olarak do\u011fmas\u0131 gerekir. Kad\u0131n\u0131n zihnindeki do\u011fum yeni bir insana de\u011fil, yeni bir kimli\u011fedir: Bir anne olma duyumu. Bu kimlik her kad\u0131nda nas\u0131l ortaya \u00e7\u0131kar ve bu s\u00fcre\u00e7 nas\u0131l hissettirir?<br>&#8230;<br>&#8230;<br>Anneli\u011fin zihin yap\u0131s\u0131n\u0131 ne olu\u015fturur? Bu nas\u0131l hem bir kad\u0131na \u00f6zg\u00fc hem de b\u00fct\u00fcn anneler taraf\u0131ndan payla\u015f\u0131lan bir \u015feydir? Bu zihin yap\u0131s\u0131 hangi a\u015famalardan ge\u00e7er? Bu dikkat \u00e7ekici yeni i\u00e7sel d\u00fcnyan\u0131n a\u015famalar\u0131 nas\u0131l fark eder ve sular\u0131nda yol bulmay\u0131 nas\u0131l \u00f6\u011frenirsiniz? Bu kitab\u0131n konusu budur.&#8221;<br><\/p>\n\n\n\n<p>.<\/p>\n\n\n\n<p>&#8220;Anne olarak, gereklilikten \u00f6t\u00fcr\u00fc, bir s\u00fcre boyunca hayattaki rotan\u0131z\u0131 belirlerken size Kuzey Y\u0131ld\u0131z\u0131 gibi y\u00f6n g\u00f6sterecek annelik zihin yap\u0131s\u0131na hayat verirsiniz. Bu, zihin d\u00fcnyan\u0131z\u0131n sadece yeniden d\u00fczenlenmi\u015f hali de\u011fil, daha \u00f6nceki zihin yap\u0131n\u0131zla yan yana var olacak (ve b\u00fcy\u00fck olas\u0131l\u0131kla onu etkileyecek) tamamen yeni bir d\u00fczenlemedir. Bunlar\u0131n hepsi, d\u0131\u015far\u0131da, fiziksel hayat\u0131n\u0131zda da bebe\u011finizi beslemek, b\u00fcy\u00fctmek, onunla oynamak, onu uyutmak ve bu yeni insan\u0131 sevmeye ba\u015flamak gibi bunlarla e\u015fit d\u00fczeyde yeni olan g\u00f6revlerle ba\u015f etmeyi \u00f6\u011frenirken zihninizin i\u00e7inde olup bitecektir. Annenin i\u00e7 d\u00fcnyas\u0131n\u0131n \u00e7ok az ara\u015ft\u0131r\u0131lm\u0131\u015f ve \u00e7ok az a\u00e7\u0131klanm\u0131\u015f olmas\u0131na \u015fa\u015fmamak gerekir. Annelerin bunu tan\u0131mlamak i\u00e7in neredeyse hi\u00e7 zaman\u0131 yoktur!&#8221;<\/p>\n\n\n\n<p>.<\/p>\n\n\n\n<p>&#8220;Anne olma yolunda bir kad\u0131n, fark ettim ki, daha \u00f6nceki zihin yap\u0131s\u0131ndan tamamen farkl\u0131 bir zihin yap\u0131s\u0131 olu\u015fturur ve anne olmayanlar taraf\u0131ndan bilinmeyen bir deneyim d\u00fcnyas\u0131na girer. Kad\u0131n\u0131n daha \u00f6nceki g\u00fcd\u00fcleri, k\u0131r\u0131lganl\u0131klar\u0131 ve duygusal tepkileri ne olursa olsun; kad\u0131n anne oldu\u011funda, bir s\u00fcre i\u00e7in, tamamen yeni bir zihin yap\u0131s\u0131yla hareket edecektir.&#8221;<\/p>\n\n\n\n<p>.<\/p>\n\n\n\n<p>&#8220;B\u00fct\u00fcn anneler yeni kimlikleri i\u00e7in onay isterler. Bunu sa\u011flamak i\u00e7in kendinizi, aile ve arkada\u015flardan olu\u015fan \u00f6zel bir destek a\u011f\u0131 geli\u015ftirirken bulabilirsiniz. Bu a\u011fdaki ki\u015filer sizinle ayn\u0131 toplulukta ya\u015f\u0131yor veya telefonla ula\u015f\u0131labilir olabilir. Bu a\u011f\u0131n, ge\u00e7mi\u015fte bak\u0131m vermi\u015f veya halen bak\u0131m vermekte olan deneyimli ki\u015filerden -bu \u00e7o\u011funlukla di\u011fer annelerden olu\u015fan yak\u0131n bir \u00e7ember anlam\u0131na gelir- olu\u015fmas\u0131 \u00f6nemlidir. Bu t\u00fcr gruplar, korkular\u0131m\u0131z\u0131 ke\u015ffetmeniz ve ebeveyn olarak i\u00e7g\u00fcd\u00fcleriniz ve g\u00f6revleriniz ile \u00f6zde\u015fle\u015fmeye ba\u015flaman\u0131z i\u00e7in g\u00fcvenli bir ortam sunar. Bu t\u00fcr bir grup arama ihtiyac\u0131 anneli\u011fin zihin yap\u0131s\u0131n\u0131n bir par\u00e7as\u0131d\u0131r.&#8221;<\/p>\n\n\n\n<p>.<\/p>\n\n\n\n<p>&#8220;&#8230;Bu bir CEO, genel m\u00fcd\u00fcr, i\u015f ba\u015f\u0131nda bir polis memuru, ya da n\u00f6betteki bir doktor olmaya benzer. Bebek gecenin bir yar\u0131s\u0131 a\u011flad\u0131\u011f\u0131nda veya k\u0131zar\u0131kl\u0131klarla kapland\u0131\u011f\u0131nda veya yeme\u011fini t\u00fck\u00fcrd\u00fc\u011f\u00fcnde, b\u00fct\u00fcn g\u00f6zler size d\u00f6necektir.&#8221;<br>&#8230;<br>Size yabanc\u0131 olan bir alanda vermeniz gereken b\u00fct\u00fcn kararlar\u0131n da en \u00fcst\u00fcnde, bebe\u011finizi g\u00f6z\u00fc kapal\u0131 sevmeniz, onu b\u00fcy\u00fctmeniz ve ona insan olmakla ilgili temel bilgileri ba\u015far\u0131l\u0131 bir \u015fekilde nas\u0131l verece\u011finizi bilmeniz de beklenmektedir.&#8221;<\/p>\n\n\n\n<p>.<\/p>\n\n\n\n<p>.<\/p>\n\n\n\n<p>.<\/p>\n\n\n\n<p><\/p>\n","protected":false},"excerpt":{"rendered":"<p>&#8220;Bu kitap, anne olman\u0131n i\u00e7sel ve \u00e7o\u011funlukla \u00f6zel olan deneyimi \u00fczerinedir. bir anlamda, bebe\u011finin fiziksel olarak do\u011fmas\u0131 gibi annenin de psikolojik olarak do\u011fmas\u0131 gerekir. Kad\u0131n\u0131n zihnindeki do\u011fum yeni bir insana de\u011fil, yeni bir kimli\u011fedir: Bir anne olma duyumu. Bu kimlik her kad\u0131nda nas\u0131l ortaya \u00e7\u0131kar ve bu s\u00fcre\u00e7 nas\u0131l hissettirir?&#8230;&#8230;Anneli\u011fin zihin yap\u0131s\u0131n\u0131 ne olu\u015fturur? Bu [&hellip;]<\/p>\n","protected":false},"author":1,"featured_media":0,"parent":0,"menu_order":0,"comment_status":"closed","ping_status":"closed","template":"","meta":[],"_links":{"self":[{"href":"https:\/\/tugceacemoglu.com\/index.php\/wp-json\/wp\/v2\/pages\/799"}],"collection":[{"href":"https:\/\/tugceacemoglu.com\/index.php\/wp-json\/wp\/v2\/pages"}],"about":[{"href":"https:\/\/tugceacemoglu.com\/index.php\/wp-json\/wp\/v2\/types\/page"}],"author":[{"embeddable":true,"href":"https:\/\/tugceacemoglu.com\/index.php\/wp-json\/wp\/v2\/users\/1"}],"replies":[{"embeddable":true,"href":"https:\/\/tugceacemoglu.com\/index.php\/wp-json\/wp\/v2\/comments?post=799"}],"version-history":[{"count":3,"href":"https:\/\/tugceacemoglu.com\/index.php\/wp-json\/wp\/v2\/pages\/799\/revisions"}],"predecessor-version":[{"id":810,"href":"https:\/\/tugceacemoglu.com\/index.php\/wp-json\/wp\/v2\/pages\/799\/revisions\/810"}],"wp:attachment":[{"href":"https:\/\/tugceacemoglu.com\/index.php\/wp-json\/wp\/v2\/media?parent=799"}],"curies":[{"name":"wp","href":"https:\/\/api.w.org\/{rel}","templated":true}]}}