{"id":786,"date":"2024-04-18T05:43:41","date_gmt":"2024-04-18T04:43:41","guid":{"rendered":"http:\/\/tugceacemoglu.com\/?page_id=786"},"modified":"2024-05-28T02:57:59","modified_gmt":"2024-05-28T01:57:59","slug":"bebek-bekleyenler-icin-grup-calismasi","status":"publish","type":"page","link":"https:\/\/tugceacemoglu.com\/index.php\/bebek-bekleyenler-icin-grup-calismasi\/","title":{"rendered":"Bebek Bekleyenler \u0130\u00e7in Grup \u00c7al\u0131\u015fmas\u0131"},"content":{"rendered":"\n<div class=\"wp-block-image\"><figure class=\"alignleft size-large is-resized\"><img loading=\"lazy\" src=\"https:\/\/tugceacemoglu.com\/wp-content\/uploads\/2024\/04\/Screenshot-2024-03-11-at-03.40.17.png\" alt=\"\" class=\"wp-image-787\" width=\"272\" height=\"386\" srcset=\"https:\/\/tugceacemoglu.com\/wp-content\/uploads\/2024\/04\/Screenshot-2024-03-11-at-03.40.17.png 708w, https:\/\/tugceacemoglu.com\/wp-content\/uploads\/2024\/04\/Screenshot-2024-03-11-at-03.40.17-211x300.png 211w, https:\/\/tugceacemoglu.com\/wp-content\/uploads\/2024\/04\/Screenshot-2024-03-11-at-03.40.17-600x853.png 600w\" sizes=\"(max-width: 272px) 100vw, 272px\" \/><\/figure><\/div>\n\n\n\n<ul><li>Hamileli\u011fin 12. haftas\u0131 itibariyle bebek bekleyen anne adaylar\u0131 i\u00e7in.<\/li><li>Toplam <strong>5 oturum<\/strong>. \u0130lk oturum 120, di\u011fer oturumlar <strong>90 dakika<\/strong>.<br>(Belirlenen tarihleri bu sayfan\u0131n en alt\u0131nda g\u00f6rebilirsiniz.)<\/li><li>\u00c7al\u0131\u015fmada bize e\u015flik edecek kitap: <br><em>Bir Annenin Do\u011fu\u015fu.<\/em> Kitap ile ilgili detayl\u0131 bilgiye&nbsp;<a rel=\"noreferrer noopener\" href=\"https:\/\/bilgiyay.com\/kitap\/bir-annenin-dogusu\/\" target=\"_blank\">buradan<\/a>, baz\u0131 al\u0131nt\u0131lara ise <a rel=\"noreferrer noopener\" href=\"https:\/\/tugceacemoglu.com\/index.php\/bir-annenin-dogusu-kitabindan\/\" target=\"_blank\">\u015furadan<\/a>&nbsp;ula\u015fabilirsiniz.<br>(Kitab\u0131n pdf\u2019ini sizlerle payla\u015faca\u011f\u0131m.)<\/li><\/ul>\n\n\n\n<p><\/p>\n\n\n\n<ul><li>Fizyolojik, biyolojik, n\u00f6rolojik, psikolojik, sosyolojik alanda bir\u00e7ok de\u011fi\u015fimle gelen annelik s\u00fcrecinin ili\u015fkisel, duygusal, bili\u015fsel ve sosyal k\u0131sm\u0131na odaklanan bir \u00e7al\u0131\u015fma.<\/li><li>Okunan b\u00f6l\u00fcmler arac\u0131l\u0131\u011f\u0131 ile anne adaylar\u0131n\u0131n zihinlerine bir yolculuk. D\u00fc\u015f\u00fcncelerini, d\u00fc\u015f\u00fcnce yap\u0131lar\u0131n\u0131, hislerini ke\u015ffetmeleri ve kendilerini ifade edebilmeleri i\u00e7in bir alan.<\/li><li>6 ki\u015filik bir grup \u00e7al\u0131\u015fmas\u0131. Grup b\u00fct\u00fcnl\u00fc\u011f\u00fcn\u00fc sa\u011flamak ve korumak amac\u0131 ile s\u00fcre\u00e7 boyunca ayn\u0131 kat\u0131l\u0131mc\u0131larla devam eden, internet \u00fczerinden videolu bulu\u015fmalar.<\/li><\/ul>\n\n\n\n<p>Merhaba,<\/p>\n\n\n\n<p>Ben Dr. Klinik psikolog Tu\u011f\u00e7e Acemo\u011flu. 2013 y\u0131l\u0131ndan beri yeti\u015fkin ve gen\u00e7 yeti\u015fkin ya\u015f grubu ile psikodinamik y\u00f6nelimle \u00e7al\u0131\u015f\u0131yorum.&nbsp;\u015eu anda \u0130spanya\u2019da ya\u015famaktay\u0131m ve \u00e7al\u0131\u015fmalar\u0131ma \u00e7o\u011funlukla internet \u00fczerinden devam ediyorum.&nbsp;<br>(Hakk\u0131mda detayl\u0131 bilgiye&nbsp;<a rel=\"noreferrer noopener\" href=\"https:\/\/tugceacemoglu.com\/index.php\/detayli-ozgecmis\/\" target=\"_blank\">\u015furadan<\/a>&nbsp;ula\u015fabilirsiniz.)<\/p>\n\n\n\n<p>Daha \u00f6nce 1,5-2 ya\u015f aral\u0131\u011f\u0131nda \u00e7ocu\u011fu olan annelerle yapt\u0131\u011f\u0131m grup \u00e7al\u0131\u015fmas\u0131n\u0131n bir yenisini bebek bekleyen anne adaylar\u0131 ile d\u00fczenliyorum.<\/p>\n\n\n\n<p>Bu \u00e7al\u0131\u015fma s\u00fcresince her bulu\u015fmada&nbsp;<em>Bir Annenin Do\u011fu\u015fu<\/em>&nbsp;adl\u0131 kitaptan o g\u00fcn i\u00e7in se\u00e7ilen k\u0131s\u0131m okunacak, kat\u0131l\u0131mc\u0131lar ile okunanlar \u00fczerine d\u00fc\u015f\u00fcn\u00fclecek, tart\u0131\u015f\u0131lacakt\u0131r. Bu kitap annenin bireyselli\u011fine odaklanan, bir kad\u0131n\u0131n annelik \u00fczerinden neler ya\u015fayabilece\u011fini \u00e7ok kapsaml\u0131ca ele alan, anneli\u011fin \u00f6zellikle ilk d\u00f6neminde de ba\u015fucu kitab\u0131 olmas\u0131 gerekti\u011fini d\u00fc\u015f\u00fcnd\u00fc\u011f\u00fcm bir kaynak.<\/p>\n\n\n\n<p>Ebeveynlik ser\u00fcveninin neleri tetikleyebilece\u011fi ve zihinde neleri uyand\u0131rabilece\u011fi ile ilgili \u00f6nceden tart\u0131\u015f\u0131lmas\u0131n\u0131n \u00f6nleyici ve iyile\u015ftirici bir etkisi olabilece\u011fine inanmakta, bu nedenle bu oturumlar\u0131 d\u00fczenlemekteyim.<\/p>\n\n\n\n<p>Bu \u00e7al\u0131\u015fman\u0131n amac\u0131 okunan b\u00f6l\u00fcmler arac\u0131l\u0131\u011f\u0131 ile anne adaylar\u0131n\u0131n zihinlerine bir yolculuk yapmak, kendilerini ifade edebilmeleri i\u00e7in bir payla\u015f\u0131m alan\u0131 a\u00e7mak, d\u00fc\u015f\u00fcnce yap\u0131lar\u0131n\u0131 ke\u015ffetmelerine yard\u0131mc\u0131 olmak ve konulara birlikte kafa yorarak do\u011fumdan sonraki d\u00f6neme ruhsal olarak biraz olsun haz\u0131rlanabilme f\u0131rsat\u0131 yaratmakt\u0131r. Bu \u00e7al\u0131\u015fmay\u0131 bebek d\u00fcnyaya gelmeden \u00f6ncesi i\u00e7in d\u00fc\u015f\u00fcn\u00fcyor olmam, bu bekleyi\u015fi bir f\u0131rsata \u00e7evirerek do\u011fum sonras\u0131 d\u00f6neme bir yat\u0131r\u0131m yap\u0131lmas\u0131n\u0131 istememle ili\u015fkili.<br>Grubun bebekler d\u00fcnyaya geldikten sonra da bir destek grubu olarak varl\u0131\u011f\u0131na devam etmesini umuyorum.<\/p>\n\n\n\n<p>Oturumlar \u015fu \u015fekilde ilerleyecek: Her oturuma daha \u00f6nceden belirlenmi\u015f olan k\u0131sm\u0131 okuyarak gelece\u011fiz ve okurken akl\u0131n\u0131za gelenler, b\u00f6l\u00fcmle ilgili -ya da ilgisiz!- d\u00fc\u015f\u00fcnd\u00fckleriniz, hissettikleriniz \u00fczerinden, birbirimizi yarg\u0131lamadan, ele\u015ftirmeden payla\u015f\u0131mlarda bulunaca\u011f\u0131z. Ben de pratik, teorik ve ki\u015fisel deneyimimle gruba e\u015flik edecek, ayn\u0131 zamanda grup dinami\u011fine odaklanacak ve grup \u00e7al\u0131\u015fmas\u0131n\u0131 kolayla\u015ft\u0131raca\u011f\u0131m.<\/p>\n\n\n\n<p>Ba\u015fvuru, \u00f6deme sonras\u0131 kay\u0131t veya sorular\u0131n\u0131z i\u00e7in&nbsp;<a href=\"mailto:tugceacemoglu@gmail.com\">tugceacemoglu@gmail.com<\/a>&nbsp;adresine mail atabilir veya +34 644 948 626 telefon numaras\u0131ndan WhatsApp arac\u0131l\u0131\u011f\u0131yla bana ula\u015fabilirsiniz.<\/p>\n\n\n\n<p>Sayg\u0131lar\u0131mla,<br>Tu\u011f\u00e7e<\/p>\n\n\n\n<p>Notlar:<br>*Bu \u00e7al\u0131\u015fma bir grup terapisi de\u011fildir, sa\u011falt\u0131m hedeflenmemektedir.<br>*Birbirimize duygusal d\u00fczlemde e\u015flik etmek, destek olmak ama\u00e7lanmaktad\u0131r.<br>*Grup dinami\u011finin iyile\u015ftirici etkisinin g\u00f6r\u00fclmesi beklenmektedir.<\/p>\n\n\n\n<p><strong>Bulu\u015fma tarihleri:<\/strong><br>(Bir sonraki grubun tarihlerini yak\u0131nda belirtece\u011fim.)<br><strong>Bulu\u015fma saati:<\/strong><br>(Ayn\u0131 \u015fekilde, yak\u0131nda belirtece\u011fim).<br>Oturumlar 1,5 saat s\u00fcrecek. K\u0131sa da olsa bir tan\u0131\u015fma k\u0131sm\u0131 bar\u0131nd\u0131raca\u011f\u0131 i\u00e7in ilk oturum 2 saate kadar s\u00fcrebilir.<\/p>\n","protected":false},"excerpt":{"rendered":"<p>Hamileli\u011fin 12. haftas\u0131 itibariyle bebek bekleyen anne adaylar\u0131 i\u00e7in. Toplam 5 oturum. \u0130lk oturum 120, di\u011fer oturumlar 90 dakika.(Belirlenen tarihleri bu sayfan\u0131n en alt\u0131nda g\u00f6rebilirsiniz.) \u00c7al\u0131\u015fmada bize e\u015flik edecek kitap: Bir Annenin Do\u011fu\u015fu. Kitap ile ilgili detayl\u0131 bilgiye&nbsp;buradan, baz\u0131 al\u0131nt\u0131lara ise \u015furadan&nbsp;ula\u015fabilirsiniz.(Kitab\u0131n pdf\u2019ini sizlerle payla\u015faca\u011f\u0131m.) Fizyolojik, biyolojik, n\u00f6rolojik, psikolojik, sosyolojik alanda bir\u00e7ok de\u011fi\u015fimle gelen annelik [&hellip;]<\/p>\n","protected":false},"author":1,"featured_media":0,"parent":0,"menu_order":0,"comment_status":"closed","ping_status":"closed","template":"","meta":[],"_links":{"self":[{"href":"https:\/\/tugceacemoglu.com\/index.php\/wp-json\/wp\/v2\/pages\/786"}],"collection":[{"href":"https:\/\/tugceacemoglu.com\/index.php\/wp-json\/wp\/v2\/pages"}],"about":[{"href":"https:\/\/tugceacemoglu.com\/index.php\/wp-json\/wp\/v2\/types\/page"}],"author":[{"embeddable":true,"href":"https:\/\/tugceacemoglu.com\/index.php\/wp-json\/wp\/v2\/users\/1"}],"replies":[{"embeddable":true,"href":"https:\/\/tugceacemoglu.com\/index.php\/wp-json\/wp\/v2\/comments?post=786"}],"version-history":[{"count":18,"href":"https:\/\/tugceacemoglu.com\/index.php\/wp-json\/wp\/v2\/pages\/786\/revisions"}],"predecessor-version":[{"id":817,"href":"https:\/\/tugceacemoglu.com\/index.php\/wp-json\/wp\/v2\/pages\/786\/revisions\/817"}],"wp:attachment":[{"href":"https:\/\/tugceacemoglu.com\/index.php\/wp-json\/wp\/v2\/media?parent=786"}],"curies":[{"name":"wp","href":"https:\/\/api.w.org\/{rel}","templated":true}]}}