{"id":749,"date":"2024-03-11T11:44:24","date_gmt":"2024-03-11T10:44:24","guid":{"rendered":"http:\/\/tugceacemoglu.com\/?page_id=749"},"modified":"2024-04-18T05:46:35","modified_gmt":"2024-04-18T04:46:35","slug":"atolyeler-okuma-gruplari","status":"publish","type":"page","link":"https:\/\/tugceacemoglu.com\/index.php\/atolyeler-okuma-gruplari\/","title":{"rendered":"At\u00f6lyeler, Grup \u00c7al\u0131\u015fmalar\u0131"},"content":{"rendered":"\n<p><strong><a href=\"https:\/\/tugceacemoglu.com\/index.php\/bebek-bekleyenler-icin-grup-calismasi\/\">Bebek Bekleyenler i\u00e7in Grup \u00c7al\u0131\u015fmas\u0131<\/a><\/strong><\/p>\n","protected":false},"excerpt":{"rendered":"<p>Bebek Bekleyenler i\u00e7in Grup \u00c7al\u0131\u015fmas\u0131<\/p>\n","protected":false},"author":1,"featured_media":0,"parent":0,"menu_order":0,"comment_status":"closed","ping_status":"closed","template":"","meta":[],"_links":{"self":[{"href":"https:\/\/tugceacemoglu.com\/index.php\/wp-json\/wp\/v2\/pages\/749"}],"collection":[{"href":"https:\/\/tugceacemoglu.com\/index.php\/wp-json\/wp\/v2\/pages"}],"about":[{"href":"https:\/\/tugceacemoglu.com\/index.php\/wp-json\/wp\/v2\/types\/page"}],"author":[{"embeddable":true,"href":"https:\/\/tugceacemoglu.com\/index.php\/wp-json\/wp\/v2\/users\/1"}],"replies":[{"embeddable":true,"href":"https:\/\/tugceacemoglu.com\/index.php\/wp-json\/wp\/v2\/comments?post=749"}],"version-history":[{"count":5,"href":"https:\/\/tugceacemoglu.com\/index.php\/wp-json\/wp\/v2\/pages\/749\/revisions"}],"predecessor-version":[{"id":795,"href":"https:\/\/tugceacemoglu.com\/index.php\/wp-json\/wp\/v2\/pages\/749\/revisions\/795"}],"wp:attachment":[{"href":"https:\/\/tugceacemoglu.com\/index.php\/wp-json\/wp\/v2\/media?parent=749"}],"curies":[{"name":"wp","href":"https:\/\/api.w.org\/{rel}","templated":true}]}}