{"id":49,"date":"2020-10-26T00:38:47","date_gmt":"2020-10-26T00:38:47","guid":{"rendered":"http:\/\/tugceacemoglu.com\/?page_id=49"},"modified":"2020-11-14T09:38:41","modified_gmt":"2020-11-14T08:38:41","slug":"arastirmalar-tezler-yayinlar","status":"publish","type":"page","link":"https:\/\/tugceacemoglu.com\/index.php\/arastirmalar-tezler-yayinlar\/","title":{"rendered":"Ara\u015ft\u0131rmalar"},"content":{"rendered":"\n<p>Ara\u015ft\u0131rma \u00e7al\u0131\u015fmalar\u0131m a\u015fa\u011f\u0131daki gibidir: <\/p>\n\n\n\n<p>2014&#8217;te tamamlad\u0131\u011f\u0131m &#8220;\u0130li\u015fki Modellerinde Ba\u011flanma Stillerinin ve Utan\u00e7 E\u011filiminin Rol\u00fc&#8221; ba\u015fl\u0131kl\u0131 y\u00fcksek lisans \u00e7al\u0131\u015fmam\u0131n \u00f6zetine <a href=\"http:\/\/tugceacemoglu.com\/index.php\/yuksek-lisans-tez\/\" data-type=\"page\" data-id=\"80\" target=\"_blank\" rel=\"noreferrer noopener\">buradan<\/a> ula\u015fabilirsiniz. <\/p>\n\n\n\n<ul><li>Bu tez \u00e7al\u0131\u015fmas\u0131ndan <em>Unity, Diversity and Culture<\/em> adl\u0131 kitapta \u201cSelf-Blaming and Other-Blaming Moral Emotions Are Complementary: Two Studies in Turkish\u00a0Culture\u201d\u00a0b\u00f6l\u00fcm\u00fcnde faydalan\u0131lm\u0131\u015ft\u0131r. \u0130lgili b\u00f6l\u00fcme <a href=\"https:\/\/www.researchgate.net\/publication\/311456578_Self-Blaming_and_Other-Blaming_Moral_Emotions_Are_Complementary_Two_Studies_in_Turkish_Culture\" target=\"_blank\" rel=\"noreferrer noopener\">buradan<\/a> ula\u015fabilirsiniz.<\/li><\/ul>\n\n\n\n<p>2015-16 e\u011fitim y\u0131l\u0131nda, Bilgi \u00dcniversitesi&#8217;nde yap\u0131lan psikodinamik \u00e7ocuk ve ergen terapisi s\u00fcre\u00e7 ara\u015ft\u0131rmas\u0131nda ara\u015ft\u0131rmac\u0131 olarak bulundum. \u00c7ocuklarla yap\u0131lan oyun terapisi ve ergenlerle yap\u0131lan psikodinamik y\u00f6nelimli terapi g\u00f6r\u00fc\u015fmelerinin s\u00fcre\u00e7leri ve etkileri \u00fczerine yap\u0131lan bu ara\u015ft\u0131rmada detayl\u0131 seans kodlamalar\u0131 yap\u0131lm\u0131\u015ft\u0131r.<\/p>\n\n\n\n<p>2019&#8217;da tamamlad\u0131\u011f\u0131m \u201cErgenlikte Terap\u00f6tik Bir Ara\u00e7 Olarak Sinema\u201d ba\u015fl\u0131kl\u0131 doktora \u00e7al\u0131\u015fmam hakk\u0131nda k\u0131sa bilgiye <a href=\"http:\/\/tugceacemoglu.com\/index.php\/doktora-donemi-hakkinda\/\" target=\"_blank\" rel=\"noreferrer noopener\">buradan<\/a>, detayl\u0131 \u00f6zete <a href=\"http:\/\/tugceacemoglu.com\/index.php\/doktora-tez\/\" target=\"_blank\" rel=\"noreferrer noopener\">buradan<\/a> ula\u015fabilirsiniz.<\/p>\n","protected":false},"excerpt":{"rendered":"<p>Ara\u015ft\u0131rma \u00e7al\u0131\u015fmalar\u0131m a\u015fa\u011f\u0131daki gibidir: 2014&#8217;te tamamlad\u0131\u011f\u0131m &#8220;\u0130li\u015fki Modellerinde Ba\u011flanma Stillerinin ve Utan\u00e7 E\u011filiminin Rol\u00fc&#8221; ba\u015fl\u0131kl\u0131 y\u00fcksek lisans \u00e7al\u0131\u015fmam\u0131n \u00f6zetine buradan ula\u015fabilirsiniz. Bu tez \u00e7al\u0131\u015fmas\u0131ndan Unity, Diversity and Culture adl\u0131 kitapta \u201cSelf-Blaming and Other-Blaming Moral Emotions Are Complementary: Two Studies in Turkish\u00a0Culture\u201d\u00a0b\u00f6l\u00fcm\u00fcnde faydalan\u0131lm\u0131\u015ft\u0131r. \u0130lgili b\u00f6l\u00fcme buradan ula\u015fabilirsiniz. 2015-16 e\u011fitim y\u0131l\u0131nda, Bilgi \u00dcniversitesi&#8217;nde yap\u0131lan psikodinamik \u00e7ocuk ve [&hellip;]<\/p>\n","protected":false},"author":1,"featured_media":0,"parent":0,"menu_order":0,"comment_status":"closed","ping_status":"closed","template":"","meta":[],"_links":{"self":[{"href":"https:\/\/tugceacemoglu.com\/index.php\/wp-json\/wp\/v2\/pages\/49"}],"collection":[{"href":"https:\/\/tugceacemoglu.com\/index.php\/wp-json\/wp\/v2\/pages"}],"about":[{"href":"https:\/\/tugceacemoglu.com\/index.php\/wp-json\/wp\/v2\/types\/page"}],"author":[{"embeddable":true,"href":"https:\/\/tugceacemoglu.com\/index.php\/wp-json\/wp\/v2\/users\/1"}],"replies":[{"embeddable":true,"href":"https:\/\/tugceacemoglu.com\/index.php\/wp-json\/wp\/v2\/comments?post=49"}],"version-history":[{"count":15,"href":"https:\/\/tugceacemoglu.com\/index.php\/wp-json\/wp\/v2\/pages\/49\/revisions"}],"predecessor-version":[{"id":489,"href":"https:\/\/tugceacemoglu.com\/index.php\/wp-json\/wp\/v2\/pages\/49\/revisions\/489"}],"wp:attachment":[{"href":"https:\/\/tugceacemoglu.com\/index.php\/wp-json\/wp\/v2\/media?parent=49"}],"curies":[{"name":"wp","href":"https:\/\/api.w.org\/{rel}","templated":true}]}}