{"id":360,"date":"2020-11-13T14:49:41","date_gmt":"2020-11-13T13:49:41","guid":{"rendered":"http:\/\/tugceacemoglu.com\/?page_id=360"},"modified":"2024-10-22T15:34:34","modified_gmt":"2024-10-22T14:34:34","slug":"detailed-cv","status":"publish","type":"page","link":"https:\/\/tugceacemoglu.com\/index.php\/detailed-cv\/","title":{"rendered":"Detailed CV"},"content":{"rendered":"\n<p>Currently, I continue my personal work with adults and young adults, over the internet and face to face in a therapy center in Barcelona.<\/p>\n\n\n\n<p>In 2016, I started the <span style=\"text-decoration: underline;\">Clinical Psychology Doctorate Program<\/span> at University Lumi\u00e8re Lyon 2 in France, and completed my thesis titled &#8220;<span style=\"text-decoration: underline;\">Cinema as a Therapeutic Mediation in Adolescence<\/span>&#8221; in November 2019. During this period, I worked as a clinical psychologist in five different centers and did group therapy sessions with adolescents. You can find the summary of this study <a href=\"http:\/\/tugceacemoglu.com\/index.php\/eng-ph-d-thesis-summary\/\" data-type=\"page\" data-id=\"366\" target=\"_blank\" rel=\"noreferrer noopener\">here<\/a>. <\/p>\n\n\n\n<p>Between September 2015 and May 2016, I worked as a <span style=\"text-decoration: underline;\">part-time clinical psychologist at Istanbul Bilgi University Psychological Counseling Center<\/span>. I conducted clinical preliminary interviews with adults, children, adolescents, families and couples who applied to the center, I made the necessary and appropriate guidance.<\/p>\n\n\n\n<p>In August 2015, I attended the <span style=\"text-decoration: underline;\">CPTI (Children\u2019s Play Therapy Instrument)<\/span> coding training at the Istanbul Bilgi University Psychological Counseling Center, and the following year I took part as a researcher in the research on the processes and effects of psychodynamically oriented interviews with children and adolescents.<\/p>\n\n\n\n<p>Between October 2014 and December 2015, I attended the <span style=\"text-decoration: underline;\">Tavistock Model Baby Observation Training<\/span>. As part of this training, I had the opportunity to observe a newborn baby in its natural environment for one hour every week on the same day and hour. I had the opportunity to discuss the interaction between the newborn and his environment, the mother-infant relationship, the mother\/father-infant dynamics, the new mother-new father psychology, and the broad family effects.<\/p>\n\n\n\n<p>Between November 2014 and May 2016, I worked as a <span style=\"text-decoration: underline;\">clinical psychologist with adults at \u00c7at\u0131 Consulting and Training Center, \u0130stanbul<\/span>.<\/p>\n\n\n\n<p>In 2014, I graduated from Istanbul Bilgi University <span style=\"text-decoration: underline;\">Clinical Psychology Master Program<\/span> by completing my thesis entitled \u201c<span style=\"text-decoration: underline;\">The Role of Attachment Styles and Shame-Proneness in Relationship Models<\/span>\u201d and presenting it under the supervision of Prof. Diane Sunar. In this study, by drawing attention to the role of shame in relationships, I investigated the relationships between attachment styles, tendency to shame, and tendency to use Relationship Models. You can find the summary of this study <a href=\"http:\/\/tugceacemoglu.com\/index.php\/master-thesis-summary\/\" data-type=\"page\" data-id=\"364\" target=\"_blank\" rel=\"noreferrer noopener\">here<\/a>.<\/p>\n\n\n\n<p>Between September 2013 and June 2016, I attended many lectures in the <span style=\"text-decoration: underline;\">Child-Adolescent Sub-Branch of the Clinical Psychology Master Program<\/span> at Istanbul Bilgi University.<\/p>\n\n\n\n<p>Between September 2013 and September 2016, I worked as a <span style=\"text-decoration: underline;\">research assistant in Undergraduate<\/span> <span style=\"text-decoration: underline;\">Psychology Department<\/span> in Istanbul Bilgi University.<\/p>\n\n\n\n<p>In 2011, I started Istanbul Bilgi University <span style=\"text-decoration: underline;\">Adult Clinical Psychology Master<\/span> Program.<\/p>\n\n\n\n<p>In 2011, I completed the courses in Istanbul Bilgi University <span style=\"text-decoration: underline;\">Clinical Psychology Graduate Scientific Preparation Class<\/span>.<\/p>\n\n\n\n<p>In 2004, I graduated from<span style=\"text-decoration: underline;\"> Istanbul Saint Joseph High School <\/span>and in 2010, from <span style=\"text-decoration: underline;\">Bo\u011fazi\u00e7i University<\/span> Industrial Engineering Department.<\/p>\n\n\n\n<p>Back to <a href=\"http:\/\/tugceacemoglu.com\/index.php\/in-english\/\" data-type=\"page\" data-id=\"212\">Home page<\/a>.<\/p>\n","protected":false},"excerpt":{"rendered":"<p>Currently, I continue my personal work with adults and young adults, over the internet and face to face in a therapy center in Barcelona. In 2016, I started the Clinical Psychology Doctorate Program at University Lumi\u00e8re Lyon 2 in France, and completed my thesis titled &#8220;Cinema as a Therapeutic Mediation in Adolescence&#8221; in November 2019. [&hellip;]<\/p>\n","protected":false},"author":1,"featured_media":0,"parent":0,"menu_order":0,"comment_status":"closed","ping_status":"closed","template":"","meta":[],"_links":{"self":[{"href":"https:\/\/tugceacemoglu.com\/index.php\/wp-json\/wp\/v2\/pages\/360"}],"collection":[{"href":"https:\/\/tugceacemoglu.com\/index.php\/wp-json\/wp\/v2\/pages"}],"about":[{"href":"https:\/\/tugceacemoglu.com\/index.php\/wp-json\/wp\/v2\/types\/page"}],"author":[{"embeddable":true,"href":"https:\/\/tugceacemoglu.com\/index.php\/wp-json\/wp\/v2\/users\/1"}],"replies":[{"embeddable":true,"href":"https:\/\/tugceacemoglu.com\/index.php\/wp-json\/wp\/v2\/comments?post=360"}],"version-history":[{"count":14,"href":"https:\/\/tugceacemoglu.com\/index.php\/wp-json\/wp\/v2\/pages\/360\/revisions"}],"predecessor-version":[{"id":826,"href":"https:\/\/tugceacemoglu.com\/index.php\/wp-json\/wp\/v2\/pages\/360\/revisions\/826"}],"wp:attachment":[{"href":"https:\/\/tugceacemoglu.com\/index.php\/wp-json\/wp\/v2\/media?parent=360"}],"curies":[{"name":"wp","href":"https:\/\/api.w.org\/{rel}","templated":true}]}}