{"id":346,"date":"2020-11-13T14:42:55","date_gmt":"2020-11-13T13:42:55","guid":{"rendered":"http:\/\/tugceacemoglu.com\/?page_id=346"},"modified":"2021-04-05T20:18:06","modified_gmt":"2021-04-05T19:18:06","slug":"fr-contactez-moi","status":"publish","type":"page","link":"https:\/\/tugceacemoglu.com\/index.php\/fr-contactez-moi\/","title":{"rendered":"Contactez-moi"},"content":{"rendered":"\n<p>Vous pouvez m&#8217;envoyer vos questions ou demander un rendez-vous via les canaux ci-dessous.<\/p>\n\n\n\n<p>T\u00e9l\u00e9phone:<br>+34.644.948.626<\/p>\n\n\n\n<figure class=\"wp-block-image size-large\"><img loading=\"lazy\" width=\"226\" height=\"28\" src=\"http:\/\/tugceacemoglu.com\/wp-content\/uploads\/2020\/10\/Screenshot-2020-10-26-at-01.08.27.png\" alt=\"\" class=\"wp-image-46\"\/><\/figure>\n\n\n\n<p>Veuillez cliquer <a rel=\"noreferrer noopener\" href=\"http:\/\/tugceacemoglu.com\/index.php\/fr-therapie-en-ligne\/\" data-type=\"page\" data-id=\"336\" target=\"_blank\">ici<\/a> pour information sur le processus en ligne.<\/p>\n\n\n\n<p>Retour \u00e0 la <a href=\"http:\/\/tugceacemoglu.com\/index.php\/en-francais\/\" data-type=\"page\" data-id=\"214\">page d&#8217;accueil<\/a>.<\/p>\n","protected":false},"excerpt":{"rendered":"<p>Vous pouvez m&#8217;envoyer vos questions ou demander un rendez-vous via les canaux ci-dessous. T\u00e9l\u00e9phone:+34.644.948.626 Veuillez cliquer ici pour information sur le processus en ligne. Retour \u00e0 la page d&#8217;accueil.<\/p>\n","protected":false},"author":1,"featured_media":0,"parent":0,"menu_order":0,"comment_status":"closed","ping_status":"closed","template":"","meta":[],"_links":{"self":[{"href":"https:\/\/tugceacemoglu.com\/index.php\/wp-json\/wp\/v2\/pages\/346"}],"collection":[{"href":"https:\/\/tugceacemoglu.com\/index.php\/wp-json\/wp\/v2\/pages"}],"about":[{"href":"https:\/\/tugceacemoglu.com\/index.php\/wp-json\/wp\/v2\/types\/page"}],"author":[{"embeddable":true,"href":"https:\/\/tugceacemoglu.com\/index.php\/wp-json\/wp\/v2\/users\/1"}],"replies":[{"embeddable":true,"href":"https:\/\/tugceacemoglu.com\/index.php\/wp-json\/wp\/v2\/comments?post=346"}],"version-history":[{"count":9,"href":"https:\/\/tugceacemoglu.com\/index.php\/wp-json\/wp\/v2\/pages\/346\/revisions"}],"predecessor-version":[{"id":680,"href":"https:\/\/tugceacemoglu.com\/index.php\/wp-json\/wp\/v2\/pages\/346\/revisions\/680"}],"wp:attachment":[{"href":"https:\/\/tugceacemoglu.com\/index.php\/wp-json\/wp\/v2\/media?parent=346"}],"curies":[{"name":"wp","href":"https:\/\/api.w.org\/{rel}","templated":true}]}}