{"id":340,"date":"2020-11-13T14:42:15","date_gmt":"2020-11-13T13:42:15","guid":{"rendered":"http:\/\/tugceacemoglu.com\/?page_id=340"},"modified":"2020-11-13T15:22:05","modified_gmt":"2020-11-13T14:22:05","slug":"fr-a-propos-de-ma-recherche-de-doctorat","status":"publish","type":"page","link":"https:\/\/tugceacemoglu.com\/index.php\/fr-a-propos-de-ma-recherche-de-doctorat\/","title":{"rendered":"A propos de ma recherche de doctorat"},"content":{"rendered":"\n<p>Au cours de mon programme de doctorat, j&#8217;ai travaill\u00e9 dans cinq institutions diff\u00e9rentes, dirig\u00e9 des s\u00e9ances de groupe th\u00e9rapeutique avec des adolescents \u00e0 l&#8217;appui de courts films (d&#8217;animation) que j&#8217;ai choisis et men\u00e9 une analyse de processus psychanalytique\/psychodynamique \u00e0 travers des transcriptions d\u00e9taill\u00e9es de ces s\u00e9ances.<\/p>\n\n\n\n<p>Dans cette th\u00e8se, je soutiens l&#8217;id\u00e9e que lorsque les conditions appropri\u00e9es et n\u00e9cessaires sont r\u00e9unies, le cin\u00e9ma peut \u00eatre un outil pour avoir acc\u00e8s au monde int\u00e9rieur de la personne et peut \u00eatre utilis\u00e9 comme un outil th\u00e9rapeutique, en particulier lorsqu&#8217;il est soutenu par un travail d&#8217;\u00e9criture, et je soutiens mes hypoth\u00e8ses \u00e0 travers des exemples cliniques de ma propre pratique.<\/p>\n\n\n\n<p>Parmi les cinq centres o\u00f9 j&#8217;ai men\u00e9 ma th\u00e8se, il y a des h\u00f4pitaux et des centres psychiatriques qui m\u00e8nent des travaux de groupe avec des adolescents et m\u00e8nent des processus de th\u00e9rapie. Dans ces centres, j&#8217;ai rencontr\u00e9 des personnes d&#8217;\u00e2ges similaires mais des pathologies diff\u00e9rentes, j&#8217;ai donc eu l&#8217;opportunit\u00e9 de travailler avec diff\u00e9rents groupes. Parall\u00e8lement, j&#8217;ai assist\u00e9 r\u00e9guli\u00e8rement aux r\u00e9unions de l&#8217;institution et j&#8217;ai eu l&#8217;occasion de diriger un groupe avec les cliniciens travaillant dans l&#8217;institution.<\/p>\n","protected":false},"excerpt":{"rendered":"<p>Au cours de mon programme de doctorat, j&#8217;ai travaill\u00e9 dans cinq institutions diff\u00e9rentes, dirig\u00e9 des s\u00e9ances de groupe th\u00e9rapeutique avec des adolescents \u00e0 l&#8217;appui de courts films (d&#8217;animation) que j&#8217;ai choisis et men\u00e9 une analyse de processus psychanalytique\/psychodynamique \u00e0 travers des transcriptions d\u00e9taill\u00e9es de ces s\u00e9ances. Dans cette th\u00e8se, je soutiens l&#8217;id\u00e9e que lorsque les [&hellip;]<\/p>\n","protected":false},"author":1,"featured_media":0,"parent":0,"menu_order":0,"comment_status":"closed","ping_status":"closed","template":"","meta":[],"_links":{"self":[{"href":"https:\/\/tugceacemoglu.com\/index.php\/wp-json\/wp\/v2\/pages\/340"}],"collection":[{"href":"https:\/\/tugceacemoglu.com\/index.php\/wp-json\/wp\/v2\/pages"}],"about":[{"href":"https:\/\/tugceacemoglu.com\/index.php\/wp-json\/wp\/v2\/types\/page"}],"author":[{"embeddable":true,"href":"https:\/\/tugceacemoglu.com\/index.php\/wp-json\/wp\/v2\/users\/1"}],"replies":[{"embeddable":true,"href":"https:\/\/tugceacemoglu.com\/index.php\/wp-json\/wp\/v2\/comments?post=340"}],"version-history":[{"count":2,"href":"https:\/\/tugceacemoglu.com\/index.php\/wp-json\/wp\/v2\/pages\/340\/revisions"}],"predecessor-version":[{"id":423,"href":"https:\/\/tugceacemoglu.com\/index.php\/wp-json\/wp\/v2\/pages\/340\/revisions\/423"}],"wp:attachment":[{"href":"https:\/\/tugceacemoglu.com\/index.php\/wp-json\/wp\/v2\/media?parent=340"}],"curies":[{"name":"wp","href":"https:\/\/api.w.org\/{rel}","templated":true}]}}