{"id":337,"date":"2020-11-13T14:41:12","date_gmt":"2020-11-13T13:41:12","guid":{"rendered":"http:\/\/tugceacemoglu.com\/?page_id=337"},"modified":"2021-03-17T15:10:53","modified_gmt":"2021-03-17T14:10:53","slug":"fr-recherches","status":"publish","type":"page","link":"https:\/\/tugceacemoglu.com\/index.php\/fr-recherches\/","title":{"rendered":"Recherches"},"content":{"rendered":"\n<p>Mes travaux de recherche sont les suivants:<\/p>\n\n\n\n<p>Vous pouvez trouver le r\u00e9sum\u00e9 de mon \u00e9tude de master intitul\u00e9e \u00abLe r\u00f4le des styles d&#8217;attachement et de la tendance \u00e0 la honte dans les mod\u00e8les relationnels\u00bb que j&#8217;ai termin\u00e9 en 2014 <a href=\"http:\/\/tugceacemoglu.com\/index.php\/resume-de-la-these-de-master\/\" data-type=\"page\" data-id=\"339\" target=\"_blank\" rel=\"noreferrer noopener\">ici<\/a>.<\/p>\n\n\n\n<ul><li>Ce travail de rechreche a \u00e9t\u00e9 utilis\u00e9 dans le livre intitul\u00e9 <em>Unit\u00e9, Diversit\u00e9 et Culture <\/em>dans le chapitre &#8220;Les \u00e9motions morales d&#8217;auto-culpabilit\u00e9 et de bl\u00e2me sont compl\u00e9mentaires: deux \u00e9tudes dans la culture turque&#8221;. Vous pouvez acc\u00e9der \u00e0 la partie correspondante <a href=\"https:\/\/www.researchgate.net\/publication\/311456578_Self-Blaming_and_Other-Blaming_Moral_Emotions_Are_Complementary_Two_Studies_in_Turkish_Culture\" target=\"_blank\" rel=\"noreferrer noopener\">ici<\/a>.<\/li><\/ul>\n\n\n\n<p>Au cours de l&#8217;ann\u00e9e universitaire 2015-2016, j&#8217;ai travaill\u00e9 en tant que chercheuse dans la recherche sur les processus de th\u00e9rapie psychodynamique des enfants et des adolescents \u00e0 l&#8217;Universit\u00e9 de Bilgi. Un codage de session d\u00e9taill\u00e9 a \u00e9t\u00e9 effectu\u00e9 dans cette \u00e9tude sur les processus et les effets de la th\u00e9rapie par le jeu avec les enfants et des entretiens de th\u00e9rapie face \u00e0 face orient\u00e9s psychodynamiquement avec des adolescents.<\/p>\n\n\n\n<p>Vous pouvez trouver <a href=\"http:\/\/tugceacemoglu.com\/index.php\/fr-a-propos-de-ma-recherche-de-doctorat\/\" data-type=\"page\" data-id=\"340\" target=\"_blank\" rel=\"noreferrer noopener\">ici<\/a> de br\u00e8ves informations sur mon \u00e9tude de doctorat intitul\u00e9e \u00abLe cin\u00e9ma comme outil th\u00e9rapeutique \u00e0 l&#8217;adolescence\u00bb, que j&#8217;ai termin\u00e9 en 2019, et un r\u00e9sum\u00e9 d\u00e9taill\u00e9 <a href=\"http:\/\/tugceacemoglu.com\/index.php\/fr-these-de-doctorat-resume\/\" data-type=\"page\" data-id=\"341\" target=\"_blank\" rel=\"noreferrer noopener\">ici<\/a>.<\/p>\n\n\n\n<p>Retour \u00e0 la <a href=\"http:\/\/tugceacemoglu.com\/index.php\/en-francais\/\" data-type=\"page\" data-id=\"214\">page d&#8217;accueil<\/a>.<\/p>\n","protected":false},"excerpt":{"rendered":"<p>Mes travaux de recherche sont les suivants: Vous pouvez trouver le r\u00e9sum\u00e9 de mon \u00e9tude de master intitul\u00e9e \u00abLe r\u00f4le des styles d&#8217;attachement et de la tendance \u00e0 la honte dans les mod\u00e8les relationnels\u00bb que j&#8217;ai termin\u00e9 en 2014 ici. Ce travail de rechreche a \u00e9t\u00e9 utilis\u00e9 dans le livre intitul\u00e9 Unit\u00e9, Diversit\u00e9 et Culture [&hellip;]<\/p>\n","protected":false},"author":1,"featured_media":0,"parent":0,"menu_order":0,"comment_status":"closed","ping_status":"closed","template":"","meta":[],"_links":{"self":[{"href":"https:\/\/tugceacemoglu.com\/index.php\/wp-json\/wp\/v2\/pages\/337"}],"collection":[{"href":"https:\/\/tugceacemoglu.com\/index.php\/wp-json\/wp\/v2\/pages"}],"about":[{"href":"https:\/\/tugceacemoglu.com\/index.php\/wp-json\/wp\/v2\/types\/page"}],"author":[{"embeddable":true,"href":"https:\/\/tugceacemoglu.com\/index.php\/wp-json\/wp\/v2\/users\/1"}],"replies":[{"embeddable":true,"href":"https:\/\/tugceacemoglu.com\/index.php\/wp-json\/wp\/v2\/comments?post=337"}],"version-history":[{"count":7,"href":"https:\/\/tugceacemoglu.com\/index.php\/wp-json\/wp\/v2\/pages\/337\/revisions"}],"predecessor-version":[{"id":669,"href":"https:\/\/tugceacemoglu.com\/index.php\/wp-json\/wp\/v2\/pages\/337\/revisions\/669"}],"wp:attachment":[{"href":"https:\/\/tugceacemoglu.com\/index.php\/wp-json\/wp\/v2\/media?parent=337"}],"curies":[{"name":"wp","href":"https:\/\/api.w.org\/{rel}","templated":true}]}}