{"id":336,"date":"2020-11-13T14:45:31","date_gmt":"2020-11-13T13:45:31","guid":{"rendered":"http:\/\/tugceacemoglu.com\/?page_id=336"},"modified":"2021-03-17T15:12:01","modified_gmt":"2021-03-17T14:12:01","slug":"fr-therapie-en-ligne","status":"publish","type":"page","link":"https:\/\/tugceacemoglu.com\/index.php\/fr-therapie-en-ligne\/","title":{"rendered":"Process en ligne"},"content":{"rendered":"\n<p><strong>Comment le processus sur internet est-il organis\u00e9, comment d\u00e9marre-t-il, comment \u00e9volue-t-il?<\/strong><\/p>\n\n\n\n<p>Lorsque vous me contactez, nous avons d&#8217;abord un pr\u00e9-entretien au t\u00e9l\u00e9phone: Apr\u00e8s une br\u00e8ve introduction et un bref partage de la situation qui vous a r\u00e9f\u00e9r\u00e9 \u00e0 moi, de vos plaintes, nous d\u00e9cidons ensemble si je peux vous aider ou non et ensuite si nous allons faire un premier entretien ou non.<\/p>\n\n\n\n<p>Au cas o\u00f9 nous d\u00e9cidons de faire un premi\u00e8re entretien, \u00e0 ce moment-l\u00e0 nous parlons du jour et de l&#8217;heure de l&#8217;entretien et de la plate-forme sur laquelle il se tiendra, et nous y d\u00e9cidons ensemble.<\/p>\n\n\n\n<p>Lors du premier entretien, nous parlons de la suite, de comment nous allons avancer.<\/p>\n\n\n\n<p>Vous pouvez me joindre \u00e0 partir des canaux sur la page <a rel=\"noreferrer noopener\" href=\"http:\/\/tugceacemoglu.com\/index.php\/fr-contactez-moi\/\" data-type=\"page\" data-id=\"346\" target=\"_blank\">Contact<\/a>. Si vous me contactez par message ou par courrier, je vous r\u00e9pondrai dans les plus brefs d\u00e9lais.<\/p>\n\n\n\n<p>Retour \u00e0 la <a href=\"http:\/\/tugceacemoglu.com\/index.php\/en-francais\/\" data-type=\"page\" data-id=\"214\">page d&#8217;accueil<\/a>.<\/p>\n","protected":false},"excerpt":{"rendered":"<p>Comment le processus sur internet est-il organis\u00e9, comment d\u00e9marre-t-il, comment \u00e9volue-t-il? Lorsque vous me contactez, nous avons d&#8217;abord un pr\u00e9-entretien au t\u00e9l\u00e9phone: Apr\u00e8s une br\u00e8ve introduction et un bref partage de la situation qui vous a r\u00e9f\u00e9r\u00e9 \u00e0 moi, de vos plaintes, nous d\u00e9cidons ensemble si je peux vous aider ou non et ensuite si [&hellip;]<\/p>\n","protected":false},"author":1,"featured_media":0,"parent":0,"menu_order":0,"comment_status":"closed","ping_status":"closed","template":"","meta":[],"_links":{"self":[{"href":"https:\/\/tugceacemoglu.com\/index.php\/wp-json\/wp\/v2\/pages\/336"}],"collection":[{"href":"https:\/\/tugceacemoglu.com\/index.php\/wp-json\/wp\/v2\/pages"}],"about":[{"href":"https:\/\/tugceacemoglu.com\/index.php\/wp-json\/wp\/v2\/types\/page"}],"author":[{"embeddable":true,"href":"https:\/\/tugceacemoglu.com\/index.php\/wp-json\/wp\/v2\/users\/1"}],"replies":[{"embeddable":true,"href":"https:\/\/tugceacemoglu.com\/index.php\/wp-json\/wp\/v2\/comments?post=336"}],"version-history":[{"count":8,"href":"https:\/\/tugceacemoglu.com\/index.php\/wp-json\/wp\/v2\/pages\/336\/revisions"}],"predecessor-version":[{"id":671,"href":"https:\/\/tugceacemoglu.com\/index.php\/wp-json\/wp\/v2\/pages\/336\/revisions\/671"}],"wp:attachment":[{"href":"https:\/\/tugceacemoglu.com\/index.php\/wp-json\/wp\/v2\/media?parent=336"}],"curies":[{"name":"wp","href":"https:\/\/api.w.org\/{rel}","templated":true}]}}