{"id":334,"date":"2020-11-13T14:44:07","date_gmt":"2020-11-13T13:44:07","guid":{"rendered":"http:\/\/tugceacemoglu.com\/?page_id=334"},"modified":"2021-05-01T17:05:33","modified_gmt":"2021-05-01T16:05:33","slug":"fr-domains-de-travail","status":"publish","type":"page","link":"https:\/\/tugceacemoglu.com\/index.php\/fr-domains-de-travail\/","title":{"rendered":"Domains de travail"},"content":{"rendered":"\n<p><strong>Mes domaines de travail sont les suivants:<\/strong><\/p>\n\n\n\n<p>Je travaille individuellement avec les adultes et les jeunes adultes avec une orientation psychodynamique\/psychanalytique. J&#8217;apporte un accompagnement individuel dans des situations qui peuvent \u00eatre d\u00e9crites comme suit ou similaires: <\/p>\n\n\n\n<ul><li>Probl\u00e8mes d\u00e9pressifs et anxieux; souffrant de sentiments, de pens\u00e9es et de comportements \u00e0 propos de soi-m\u00eame; ayant des probl\u00e8mes relationnels; ayant des probl\u00e8mes d&#8217;adaptation, difficult\u00e9 \u00e0 g\u00e9rer la vie; difficult\u00e9 \u00e0 faire face \u00e0 l&#8217;anxi\u00e9t\u00e9 et au stress.<\/li><\/ul>\n\n\n\n<p>En plus de mes travaux individuels, j&#8217;anime des groupes de lecture sur la parentalit\u00e9 et je fais du travail de groupe th\u00e9rapeutique avec les adolescents en utilisant le cin\u00e9ma et l&#8217;\u00e9criture.<\/p>\n\n\n\n<p>Je travaille sur une plate-forme\/contenu de micro-publication (en Turc) \u00e0 destination des futures parents et des parents actuels, visant \u00e0 accro\u00eetre la sensibilisation individuelle des adultes sur la base des exp\u00e9riences d&#8217;\u00e9levage et de communication avec l&#8217;enfant, afin de prot\u00e9ger la sant\u00e9 mentale des parents, les soutenir et am\u00e9liorer les relations au sein de la famille nucl\u00e9aire.<\/p>\n\n\n\n<p>Veuillez cliquer <a href=\"http:\/\/tugceacemoglu.com\/index.php\/fr-contactez-moi\/\" data-type=\"page\" data-id=\"346\" target=\"_blank\" rel=\"noreferrer noopener\">ici<\/a> pour information de contact. <\/p>\n\n\n\n<p>Retour \u00e0 la <a href=\"http:\/\/tugceacemoglu.com\/index.php\/en-francais\/\" data-type=\"page\" data-id=\"214\">page d&#8217;accueil<\/a>.<\/p>\n","protected":false},"excerpt":{"rendered":"<p>Mes domaines de travail sont les suivants: Je travaille individuellement avec les adultes et les jeunes adultes avec une orientation psychodynamique\/psychanalytique. J&#8217;apporte un accompagnement individuel dans des situations qui peuvent \u00eatre d\u00e9crites comme suit ou similaires: Probl\u00e8mes d\u00e9pressifs et anxieux; souffrant de sentiments, de pens\u00e9es et de comportements \u00e0 propos de soi-m\u00eame; ayant des probl\u00e8mes [&hellip;]<\/p>\n","protected":false},"author":1,"featured_media":0,"parent":0,"menu_order":0,"comment_status":"closed","ping_status":"closed","template":"","meta":[],"_links":{"self":[{"href":"https:\/\/tugceacemoglu.com\/index.php\/wp-json\/wp\/v2\/pages\/334"}],"collection":[{"href":"https:\/\/tugceacemoglu.com\/index.php\/wp-json\/wp\/v2\/pages"}],"about":[{"href":"https:\/\/tugceacemoglu.com\/index.php\/wp-json\/wp\/v2\/types\/page"}],"author":[{"embeddable":true,"href":"https:\/\/tugceacemoglu.com\/index.php\/wp-json\/wp\/v2\/users\/1"}],"replies":[{"embeddable":true,"href":"https:\/\/tugceacemoglu.com\/index.php\/wp-json\/wp\/v2\/comments?post=334"}],"version-history":[{"count":8,"href":"https:\/\/tugceacemoglu.com\/index.php\/wp-json\/wp\/v2\/pages\/334\/revisions"}],"predecessor-version":[{"id":696,"href":"https:\/\/tugceacemoglu.com\/index.php\/wp-json\/wp\/v2\/pages\/334\/revisions\/696"}],"wp:attachment":[{"href":"https:\/\/tugceacemoglu.com\/index.php\/wp-json\/wp\/v2\/media?parent=334"}],"curies":[{"name":"wp","href":"https:\/\/api.w.org\/{rel}","templated":true}]}}