{"id":333,"date":"2020-11-13T14:44:13","date_gmt":"2020-11-13T13:44:13","guid":{"rendered":"http:\/\/tugceacemoglu.com\/?page_id=333"},"modified":"2024-10-22T15:36:15","modified_gmt":"2024-10-22T14:36:15","slug":"fr-resume-detaille","status":"publish","type":"page","link":"https:\/\/tugceacemoglu.com\/index.php\/fr-resume-detaille\/","title":{"rendered":"R\u00e9sum\u00e9 D\u00e9taill\u00e9"},"content":{"rendered":"\n<p>Actuellement, je continue mon travail personnel avec les adultes et les jeunes adultes sur internet en m\u00eame temps que face \u00e0 face dans un centre de th\u00e9rapie \u00e0 Barcelone.<\/p>\n\n\n\n<p>En 2016, j&#8217;ai commenc\u00e9 le <span style=\"text-decoration: underline;\">programme de doctorat en psychologie clinique<\/span> \u00e0 l&#8217;Universit\u00e9 Lumi\u00e8re Lyon 2 en France, et j&#8217;ai termin\u00e9 ma th\u00e8se intitul\u00e9e \u00ab<span style=\"text-decoration: underline;\">Le cin\u00e9ma comme outil th\u00e9rapeutique \u00e0 l&#8217;adolescence<\/span>\u00bb en novembre 2019. Durant cette p\u00e9riode, j&#8217;ai travaill\u00e9 comme psychologue clinicienne dans cinq terrains diff\u00e9rents et fait des th\u00e9rapies de groupes avec les adolescents. Vous pouvez trouver le r\u00e9sum\u00e9 de ce travail <a href=\"http:\/\/tugceacemoglu.com\/index.php\/fr-these-de-doctorat-resume\/\" data-type=\"page\" data-id=\"341\" target=\"_blank\" rel=\"noreferrer noopener\">ici<\/a>.<\/p>\n\n\n\n<p>Entre septembre 2015 et mai 2016, j&#8217;ai travaill\u00e9 en tant que <span style=\"text-decoration: underline;\">psychologue clinicienne \u00e0 temps partiel Centre de Consultation Psychologique de l&#8217;Universit\u00e9 Bilgi Istanbul<\/span>. J&#8217;ai men\u00e9 des entretiens cliniques pr\u00e9liminaires avec des adultes, des enfants, des adolescents, des familles et des couples pour faire les orientations n\u00e9cessaires et appropri\u00e9s.<\/p>\n\n\n\n<p>En ao\u00fbt 2015, j&#8217;ai suivi la formation de codage <span style=\"text-decoration: underline;\">CPTI (Children\u2019s Play Therapy Instrument)<\/span> au Centre de Consultation Psychologique de l&#8217;Universit\u00e9 Bilgi Istanbul, et l&#8217;ann\u00e9e suivante, j&#8217;ai particip\u00e9 en tant que chercheur \u00e0 la recherche sur les processus et les effets des entretiens orient\u00e9s psychodynamiquement avec des enfants et des adolescents.<\/p>\n\n\n\n<p>Entre octobre 2014 et d\u00e9cembre 2015, j&#8217;ai suivi la <span style=\"text-decoration: underline;\">formation d&#8217;observation des b\u00e9b\u00e9s, mod\u00e8le Tavistock<\/span>. Dans le cadre de cette formation, j&#8217;ai eu l&#8217;opportunit\u00e9 d&#8217;observer un nouveau-n\u00e9 dans son milieu naturel pendant une heure chaque semaine, le m\u00eame jour et heure. J&#8217;ai eu l&#8217;occasion de discuter de l&#8217;interaction entre le nouveau-n\u00e9 et son environnement, la relation m\u00e8re-enfant, la dynamique m\u00e8re\/p\u00e8re-enfant, la nouvelle psychologie nouveau m\u00e8re-p\u00e8re et les grands effets sur la famille.<\/p>\n\n\n\n<p>Entre novembre 2014 et mai 2016, j&#8217;ai travaill\u00e9 comme <span style=\"text-decoration: underline;\">psychologue clinicienne aupr\u00e8s d&#8217;adultes au Centre de Consultation \u00c7at\u0131<\/span>.<\/p>\n\n\n\n<p>En 2014, j&#8217;ai \u00e9t\u00e9 dipl\u00f4m\u00e9e du <span style=\"text-decoration: underline;\">programme de master en psychologie clinique <\/span>de l&#8217;Universit\u00e9 Bilgi Istanbul en compl\u00e9tant ma th\u00e8se intitul\u00e9e \u00ab<span style=\"text-decoration: underline;\">Le r\u00f4le des styles d&#8217;attachement et de la tendance \u00e0 la honte dans les mod\u00e8les relationnels<\/span>\u00bb en le pr\u00e9sentant sous la supervision de Prof. Diane Sunar. Dans cette \u00e9tude, en attirant l&#8217;attention sur le r\u00f4le de la honte dans les relations, j&#8217;ai \u00e9tudi\u00e9 les relations entre les styles d&#8217;attachement, la tendance \u00e0 la honte et la tendance \u00e0 utiliser des mod\u00e8les relationnels. Vous pouvez trouver le r\u00e9sum\u00e9 de ce travail <a href=\"http:\/\/tugceacemoglu.com\/index.php\/resume-de-la-these-de-master\/\" data-type=\"page\" data-id=\"339\" target=\"_blank\" rel=\"noreferrer noopener\">ici<\/a>.<\/p>\n\n\n\n<p>Entre septembre 2013 et juin 2016, j&#8217;ai assist\u00e9 \u00e0 de nombreux cours dans la <span style=\"text-decoration: underline;\">sous-branche Enfants-Adolescents du programme de master en psychologie clinique<\/span> de l&#8217;Universit\u00e9 Bilgi Istanbul.<\/p>\n\n\n\n<p>Entre septembre 2013 et septembre 2016, j&#8217;ai travaill\u00e9 comme <span style=\"text-decoration: underline;\">assistant de recherche au d\u00e9partement de psychologie<\/span> de l&#8217;Universit\u00e9 Bilgi Istanbul.<\/p>\n\n\n\n<p>Entre novembre 2012 et mars 2013, j&#8217;ai \u00e9t\u00e9 <span style=\"text-decoration: underline;\">stagiaire \u00e0 l&#8217;h\u00f4pital des maladies mentales et neurologiques d&#8217;Erenk\u00f6y<\/span>. Dans le cadre de mon stage, j&#8217;ai \u00e9t\u00e9 observatrice aux services hommes et femmes et j&#8217;ai eu l&#8217;opportunit\u00e9 de participer aux entretiens en tant qu&#8217;observatrice.<\/p>\n\n\n\n<p>En 2011, j&#8217;ai <span style=\"text-decoration: underline;\">commenc\u00e9 le programme de master de Psychologie Clinique Pour Adultes \u00e0 l&#8217;Universit\u00e9 Bilgi Istanbul<\/span>.<\/p>\n\n\n\n<p>En 2011, j&#8217;ai suivi les <span style=\"text-decoration: underline;\">cours de pr\u00e9paration scientifique en psychologie clinique<\/span> de l&#8217;Universit\u00e9 Bilgi Istanbul.<\/p>\n\n\n\n<p>En 2004, j&#8217;ai \u00e9t\u00e9 dipl\u00f4m\u00e9e du <span style=\"text-decoration: underline;\">Lyc\u00e9e Saint Joseph d&#8217;Istanbul<\/span> et en 2010, du d\u00e9partement d&#8217;ing\u00e9nieur industriel de l&#8217;<span style=\"text-decoration: underline;\">Universit\u00e9 de Bo\u011fazi\u00e7i<\/span>.<\/p>\n\n\n\n<p>Retour \u00e0 la <a href=\"http:\/\/tugceacemoglu.com\/index.php\/en-francais\/\" data-type=\"page\" data-id=\"214\">page d&#8217;accueil.<\/a><\/p>\n","protected":false},"excerpt":{"rendered":"<p>Actuellement, je continue mon travail personnel avec les adultes et les jeunes adultes sur internet en m\u00eame temps que face \u00e0 face dans un centre de th\u00e9rapie \u00e0 Barcelone. En 2016, j&#8217;ai commenc\u00e9 le programme de doctorat en psychologie clinique \u00e0 l&#8217;Universit\u00e9 Lumi\u00e8re Lyon 2 en France, et j&#8217;ai termin\u00e9 ma th\u00e8se intitul\u00e9e \u00abLe cin\u00e9ma [&hellip;]<\/p>\n","protected":false},"author":1,"featured_media":0,"parent":0,"menu_order":0,"comment_status":"closed","ping_status":"closed","template":"","meta":[],"_links":{"self":[{"href":"https:\/\/tugceacemoglu.com\/index.php\/wp-json\/wp\/v2\/pages\/333"}],"collection":[{"href":"https:\/\/tugceacemoglu.com\/index.php\/wp-json\/wp\/v2\/pages"}],"about":[{"href":"https:\/\/tugceacemoglu.com\/index.php\/wp-json\/wp\/v2\/types\/page"}],"author":[{"embeddable":true,"href":"https:\/\/tugceacemoglu.com\/index.php\/wp-json\/wp\/v2\/users\/1"}],"replies":[{"embeddable":true,"href":"https:\/\/tugceacemoglu.com\/index.php\/wp-json\/wp\/v2\/comments?post=333"}],"version-history":[{"count":11,"href":"https:\/\/tugceacemoglu.com\/index.php\/wp-json\/wp\/v2\/pages\/333\/revisions"}],"predecessor-version":[{"id":828,"href":"https:\/\/tugceacemoglu.com\/index.php\/wp-json\/wp\/v2\/pages\/333\/revisions\/828"}],"wp:attachment":[{"href":"https:\/\/tugceacemoglu.com\/index.php\/wp-json\/wp\/v2\/media?parent=333"}],"curies":[{"name":"wp","href":"https:\/\/api.w.org\/{rel}","templated":true}]}}