{"id":332,"date":"2020-11-13T14:45:22","date_gmt":"2020-11-13T13:45:22","guid":{"rendered":"http:\/\/tugceacemoglu.com\/?page_id=332"},"modified":"2024-10-22T15:36:12","modified_gmt":"2024-10-22T14:36:12","slug":"fr-resume-court","status":"publish","type":"page","link":"https:\/\/tugceacemoglu.com\/index.php\/fr-resume-court\/","title":{"rendered":"R\u00e9sum\u00e9 court"},"content":{"rendered":"\n<p>Depuis 2013, je travaille individuellement avec les adultes et les jeunes adultes avec une orientation psychodynamique\/psychanalytique. Je vis actuellement en Espagne et continue mon travail en Turc, Fran\u00e7ais et Anglais, sur internet en m\u00eame temps que face \u00e0 face dans un centre de th\u00e9rapie \u00e0 Barcelone. En plus de mes travaux individuels avec les adultes et les jeunes adultes, j&#8217;anime des groupes de lecture sur la parentalit\u00e9. Veuillez cliquer <a rel=\"noreferrer noopener\" href=\"http:\/\/tugceacemoglu.com\/index.php\/fr-domains-de-travail\/\" data-type=\"page\" data-id=\"334\" target=\"_blank\">ici<\/a> pour les domains dans lesquels je travaille et <a rel=\"noreferrer noopener\" href=\"http:\/\/tugceacemoglu.com\/index.php\/fr-therapie-en-ligne\/\" data-type=\"page\" data-id=\"336\" target=\"_blank\">ici<\/a> pour plus d&#8217;information sur le processus en ligne. <\/p>\n\n\n\n<p>J&#8217;ai termin\u00e9 ma th\u00e8se intitul\u00e9e \u00ab<em>Le r\u00f4le des styles d&#8217;attachement et de la tendance \u00e0 la honte dans les mod\u00e8les relationnels<\/em>\u00bb au cours de mon master en psychologie clinique que j&#8217;ai commenc\u00e9 \u00e0 l&#8217;Universit\u00e9 d&#8217;Istanbul Bilgi et j&#8217;ai obtenu mon dipl\u00f4me en juin 2014.<\/p>\n\n\n\n<p>J&#8217;ai termin\u00e9 ma th\u00e8se intitul\u00e9e \u00abLe cin\u00e9ma comme m\u00e9diation th\u00e9rapeutique \u00e0 l&#8217;adolescence\u00bb et j&#8217;ai obtenu mon doctorat en psychologie clinique que j&#8217;ai commenc\u00e9 \u00e0 l&#8217;Universit\u00e9 Lumi\u00e8re Lyon 2 en France en novembre 2019.<\/p>\n\n\n\n<p>Veuillez cliquer <a href=\"http:\/\/tugceacemoglu.com\/index.php\/fr-resume-detaille\/\" data-type=\"page\" data-id=\"333\">ici<\/a> pour mon r\u00e9sum\u00e9 d\u00e9taill\u00e9.<\/p>\n\n\n\n<p>Veuillez cliquer <a href=\"http:\/\/linkedin.com\/in\/tu\u011f\u00e7e-toku\u015f-acemo\u011flu-19897416\" target=\"_blank\" rel=\"noreferrer noopener\">ici<\/a> pour Linkedin.<\/p>\n\n\n\n<p>Retour \u00e0 la <a href=\"http:\/\/tugceacemoglu.com\/index.php\/en-francais\/\" data-type=\"page\" data-id=\"214\">page d&#8217;accueil.<\/a><\/p>\n","protected":false},"excerpt":{"rendered":"<p>Depuis 2013, je travaille individuellement avec les adultes et les jeunes adultes avec une orientation psychodynamique\/psychanalytique. Je vis actuellement en Espagne et continue mon travail en Turc, Fran\u00e7ais et Anglais, sur internet en m\u00eame temps que face \u00e0 face dans un centre de th\u00e9rapie \u00e0 Barcelone. En plus de mes travaux individuels avec les adultes [&hellip;]<\/p>\n","protected":false},"author":1,"featured_media":0,"parent":0,"menu_order":0,"comment_status":"closed","ping_status":"closed","template":"","meta":[],"_links":{"self":[{"href":"https:\/\/tugceacemoglu.com\/index.php\/wp-json\/wp\/v2\/pages\/332"}],"collection":[{"href":"https:\/\/tugceacemoglu.com\/index.php\/wp-json\/wp\/v2\/pages"}],"about":[{"href":"https:\/\/tugceacemoglu.com\/index.php\/wp-json\/wp\/v2\/types\/page"}],"author":[{"embeddable":true,"href":"https:\/\/tugceacemoglu.com\/index.php\/wp-json\/wp\/v2\/users\/1"}],"replies":[{"embeddable":true,"href":"https:\/\/tugceacemoglu.com\/index.php\/wp-json\/wp\/v2\/comments?post=332"}],"version-history":[{"count":17,"href":"https:\/\/tugceacemoglu.com\/index.php\/wp-json\/wp\/v2\/pages\/332\/revisions"}],"predecessor-version":[{"id":827,"href":"https:\/\/tugceacemoglu.com\/index.php\/wp-json\/wp\/v2\/pages\/332\/revisions\/827"}],"wp:attachment":[{"href":"https:\/\/tugceacemoglu.com\/index.php\/wp-json\/wp\/v2\/media?parent=332"}],"curies":[{"name":"wp","href":"https:\/\/api.w.org\/{rel}","templated":true}]}}