{"id":29,"date":"2020-10-25T17:24:29","date_gmt":"2020-10-25T17:24:29","guid":{"rendered":"http:\/\/tugceacemoglu.com\/?page_id=29"},"modified":"2024-10-22T15:31:04","modified_gmt":"2024-10-22T14:31:04","slug":"detayli-ozgecmis","status":"publish","type":"page","link":"https:\/\/tugceacemoglu.com\/index.php\/detayli-ozgecmis\/","title":{"rendered":"Detayl\u0131 \u00f6zge\u00e7mi\u015f"},"content":{"rendered":"\n<p>G\u00fcncel olarak yeti\u015fkinlerle bireysel ve grup \u00e7al\u0131\u015fmalar\u0131ma hem internet \u00fczerinden hem de Barselona&#8217;da bir terapi merkezinde y\u00fcz y\u00fcze devam ediyorum.<\/p>\n\n\n\n<p>2016 y\u0131l\u0131nda Fransa&#8217;da Lumi\u00e8re Lyon 2 \u00dcniversitesi\u2019nde <span style=\"text-decoration: underline;\">Klinik Psikoloji Doktora Program\u0131<\/span>\u2019na ba\u015flad\u0131m, Kas\u0131m 2019\u2019da \u201c<span style=\"text-decoration: underline;\">Ergenlikte Terap\u00f6tik Bir Ara\u00e7 Olarak Sinema<\/span>\u201d ba\u015fl\u0131kl\u0131 tezimi tamamlayarak mezun oldum. Bu s\u00fcre\u00e7te be\u015f ayr\u0131 merkezde klinik psikolog olarak ergenlerle grup \u00e7al\u0131\u015fmas\u0131 yapt\u0131m. \u00c7al\u0131\u015fman\u0131n \u00f6zetine <a href=\"http:\/\/tugceacemoglu.com\/index.php\/doktora-tez\/\" data-type=\"page\" data-id=\"85\" target=\"_blank\" rel=\"noreferrer noopener\">buradan<\/a> ula\u015fabilirsiniz.<\/p>\n\n\n\n<p>Eyl\u00fcl 2015-May\u0131s 2016 tarihleri aras\u0131nda <span style=\"text-decoration: underline;\">\u0130stanbul Bilgi \u00dcniversitesi Psikolojik Dan\u0131\u015fmanl\u0131k Merkezi\u2019nde yar\u0131 zamanl\u0131 klinik psikolog<\/span> olarak \u00e7al\u0131\u015ft\u0131m. Gerekli ve uygun y\u00f6nlendirmeleri yapmak \u00fczere merkeze ba\u015fvuran yeti\u015fkin, \u00e7ocuk, ergen, aile ve \u00e7iftlerle klinik \u00f6n g\u00f6r\u00fc\u015fmeler yapt\u0131m.<\/p>\n\n\n\n<p>A\u011fustos 2015\u2019te \u0130stanbul Bilgi \u00dcniversitesi Psikolojik Dan\u0131\u015fmanl\u0131k Merkezi\u2019nde <span style=\"text-decoration: underline;\">CPTI (Children\u2019s Play Therapy Instrument)<\/span> kodlamas\u0131 e\u011fitimine kat\u0131ld\u0131m ve devam eden sene \u00e7ocuk ve ergenlerle yap\u0131lan psikodinamik y\u00f6nelimli g\u00f6r\u00fc\u015fmelerin s\u00fcre\u00e7leri ve etkileri \u00fczerine yap\u0131lan ara\u015ft\u0131rmada <span style=\"text-decoration: underline;\">ara\u015ft\u0131rmac\u0131<\/span> olarak yer ald\u0131m.<\/p>\n\n\n\n<p>Ekim 2014-Aral\u0131k 2015 tarihleri aras\u0131nda <span style=\"text-decoration: underline;\">Tavistock Modeli Bebek G\u00f6zlem E\u011fitimi<\/span>\u2019ne kat\u0131ld\u0131m. Bu e\u011fitim kapsam\u0131nda her hafta ayn\u0131 g\u00fcn ve saatte bir saat s\u00fcresince yeni do\u011fan bir bebe\u011fi do\u011fal ortam\u0131nda g\u00f6zlemleme f\u0131rsat\u0131m oldu. Yeni do\u011fan ve \u00e7evresi aras\u0131ndaki etkile\u015fimi, anne-bebek ili\u015fkisini, anne\/baba-bebek dinami\u011fini, yeni anne-yeni baba psikolojisini, geni\u015f aile etkilerini tart\u0131\u015fma olana\u011f\u0131 buldum.<\/p>\n\n\n\n<p>Kas\u0131m 2014-May\u0131s 2016 tarihleri aras\u0131nda <span style=\"text-decoration: underline;\">\u00c7at\u0131 Dan\u0131\u015fmanl\u0131k ve E\u011fitim Merkezi\u2019nde yeti\u015fkinlerle klinik psikolog olarak<\/span> \u00e7al\u0131\u015ft\u0131m.<\/p>\n\n\n\n<p>2014 y\u0131l\u0131nda \u201c<span style=\"text-decoration: underline;\">\u0130li\u015fki Modellerinde Ba\u011flanma Stillerinin ve Utan\u00e7 E\u011filiminin Rol\u00fc<\/span>\u201d ba\u015fl\u0131kl\u0131 tezimi Prof. Diane Sunar dan\u0131\u015fmanl\u0131\u011f\u0131nda tamamlay\u0131p sunarak <span style=\"text-decoration: underline;\">\u0130stanbul Bilgi \u00dcniversitesi Klinik Psikoloji Y\u00fcksek Lisans Program\u0131\u2019ndan mezun<\/span> oldum. Bu \u00e7al\u0131\u015fmada utanc\u0131n ili\u015fkiler aras\u0131ndaki rol\u00fcne dikkat \u00e7ekerek, ba\u011flanma stilleri, utan\u00e7 e\u011filimi ve \u0130li\u015fki Modellerini&nbsp; kullanma e\u011filimi aras\u0131ndaki ili\u015fkileri ara\u015ft\u0131rd\u0131m. \u00c7al\u0131\u015fman\u0131n \u00f6zetine <a href=\"http:\/\/tugceacemoglu.com\/index.php\/yuksek-lisans-tez\/\" data-type=\"page\" data-id=\"80\" target=\"_blank\" rel=\"noreferrer noopener\">buradan<\/a> ula\u015fabilirsiniz.<\/p>\n\n\n\n<p>Eyl\u00fcl 2013-Haziran 2016 tarihleri aras\u0131nda \u0130stanbul Bilgi \u00dcniversitesi\u2019nde <span style=\"text-decoration: underline;\">Klinik Psikoloji Y\u00fcksek Lisans Program\u0131 \u00c7ocuk-Ergen Alt Dal\u0131<\/span>\u2019nda verilen bir\u00e7ok derse kat\u0131ld\u0131m.<\/p>\n\n\n\n<p>Eyl\u00fcl 2013-Eyl\u00fcl 2016 tarihleri aras\u0131nda \u0130stanbul Bilgi \u00dcniversitesi <span style=\"text-decoration: underline;\">Psikoloji Lisans B\u00f6l\u00fcm\u00fc\u2019nde Ara\u015ft\u0131rma G\u00f6revlisi<\/span> olarak \u00e7al\u0131\u015ft\u0131m.<\/p>\n\n\n\n<p>2011 y\u0131l\u0131nda \u0130stanbul Bilgi \u00dcniversitesi <span style=\"text-decoration: underline;\">Klinik Psikoloji Y\u00fcksek Lisans Yeti\u015fkin Program\u0131<\/span>\u2019na ba\u015flad\u0131m.<\/p>\n\n\n\n<p>2011 y\u0131l\u0131nda \u0130stanbul Bilgi \u00dcniversitesi <span style=\"text-decoration: underline;\">Klinik Psikoloji Y\u00fcksek Lisans Bilimsel Haz\u0131rl\u0131k S\u0131n\u0131f\u0131<\/span> derslerini tamamlad\u0131m. <\/p>\n\n\n\n<p>2004 y\u0131l\u0131nda <span style=\"text-decoration: underline;\">\u0130stanbul Saint Joseph Lisesi<\/span>\u2019nden, 2010 y\u0131l\u0131nda <span style=\"text-decoration: underline;\">Bo\u011fazi\u00e7i \u00dcniversitesi<\/span> End\u00fcstri M\u00fchendisli\u011fi B\u00f6l\u00fcm\u00fc\u2019nden mezun oldum.<\/p>\n","protected":false},"excerpt":{"rendered":"<p>G\u00fcncel olarak yeti\u015fkinlerle bireysel ve grup \u00e7al\u0131\u015fmalar\u0131ma hem internet \u00fczerinden hem de Barselona&#8217;da bir terapi merkezinde y\u00fcz y\u00fcze devam ediyorum. 2016 y\u0131l\u0131nda Fransa&#8217;da Lumi\u00e8re Lyon 2 \u00dcniversitesi\u2019nde Klinik Psikoloji Doktora Program\u0131\u2019na ba\u015flad\u0131m, Kas\u0131m 2019\u2019da \u201cErgenlikte Terap\u00f6tik Bir Ara\u00e7 Olarak Sinema\u201d ba\u015fl\u0131kl\u0131 tezimi tamamlayarak mezun oldum. Bu s\u00fcre\u00e7te be\u015f ayr\u0131 merkezde klinik psikolog olarak ergenlerle grup [&hellip;]<\/p>\n","protected":false},"author":1,"featured_media":0,"parent":0,"menu_order":0,"comment_status":"closed","ping_status":"closed","template":"","meta":[],"_links":{"self":[{"href":"https:\/\/tugceacemoglu.com\/index.php\/wp-json\/wp\/v2\/pages\/29"}],"collection":[{"href":"https:\/\/tugceacemoglu.com\/index.php\/wp-json\/wp\/v2\/pages"}],"about":[{"href":"https:\/\/tugceacemoglu.com\/index.php\/wp-json\/wp\/v2\/types\/page"}],"author":[{"embeddable":true,"href":"https:\/\/tugceacemoglu.com\/index.php\/wp-json\/wp\/v2\/users\/1"}],"replies":[{"embeddable":true,"href":"https:\/\/tugceacemoglu.com\/index.php\/wp-json\/wp\/v2\/comments?post=29"}],"version-history":[{"count":24,"href":"https:\/\/tugceacemoglu.com\/index.php\/wp-json\/wp\/v2\/pages\/29\/revisions"}],"predecessor-version":[{"id":820,"href":"https:\/\/tugceacemoglu.com\/index.php\/wp-json\/wp\/v2\/pages\/29\/revisions\/820"}],"wp:attachment":[{"href":"https:\/\/tugceacemoglu.com\/index.php\/wp-json\/wp\/v2\/media?parent=29"}],"curies":[{"name":"wp","href":"https:\/\/api.w.org\/{rel}","templated":true}]}}