{"id":214,"date":"2020-11-02T10:24:47","date_gmt":"2020-11-02T09:24:47","guid":{"rendered":"http:\/\/tugceacemoglu.com\/?page_id=214"},"modified":"2021-04-24T20:16:03","modified_gmt":"2021-04-24T19:16:03","slug":"en-francais","status":"publish","type":"page","link":"https:\/\/tugceacemoglu.com\/index.php\/en-francais\/","title":{"rendered":"Bonjour !"},"content":{"rendered":"\n<div class=\"wp-block-image\"><figure class=\"alignleft size-large is-resized\"><img loading=\"lazy\" src=\"http:\/\/tugceacemoglu.com\/wp-content\/uploads\/2020\/10\/tugce-596x1024.jpg\" alt=\"\" class=\"wp-image-143\" width=\"184\" height=\"317\" srcset=\"https:\/\/tugceacemoglu.com\/wp-content\/uploads\/2020\/10\/tugce-596x1024.jpg 596w, https:\/\/tugceacemoglu.com\/wp-content\/uploads\/2020\/10\/tugce-175x300.jpg 175w, https:\/\/tugceacemoglu.com\/wp-content\/uploads\/2020\/10\/tugce-600x1030.jpg 600w, https:\/\/tugceacemoglu.com\/wp-content\/uploads\/2020\/10\/tugce.jpg 625w\" sizes=\"(max-width: 184px) 100vw, 184px\" \/><\/figure><\/div>\n\n\n\n<p>Je suis Dr. Tu\u011f\u00e7e Acemo\u011flu, une psychologue clinicienne turque vivant actuellement en Espagne. Vous pouvez trouver toutes les informations sous les liens ci-dessous et <a rel=\"noreferrer noopener\" href=\"http:\/\/tugceacemoglu.com\/index.php\/fr-contactez-moi\/\" data-type=\"URL\" data-id=\"http:\/\/tugceacemoglu.com\/index.php\/fr-contactez-moi\/\" target=\"_blank\">me contacter ici<\/a>.<\/p>\n\n\n\n<p><a rel=\"noreferrer noopener\" href=\"http:\/\/tugceacemoglu.com\/index.php\/fr-resume-court\/\" data-type=\"page\" data-id=\"332\" target=\"_blank\">R\u00e9sum\u00e9 court<\/a><br><a href=\"http:\/\/tugceacemoglu.com\/index.php\/fr-resume-detaille\/\" data-type=\"page\" data-id=\"333\">R\u00e9sum\u00e9 d\u00e9taill\u00e9<\/a><br><a rel=\"noreferrer noopener\" href=\"http:\/\/tugceacemoglu.com\/index.php\/fr-recherches\/\" data-type=\"page\" data-id=\"337\" target=\"_blank\">Mes recherches<\/a><br><a rel=\"noreferrer noopener\" href=\"http:\/\/tugceacemoglu.com\/index.php\/fr-domains-de-travail\/\" data-type=\"page\" data-id=\"334\" target=\"_blank\">Mes domains de travail<\/a><br><a rel=\"noreferrer noopener\" href=\"http:\/\/tugceacemoglu.com\/index.php\/fr-therapie-en-ligne\/\" target=\"_blank\" data-type=\"page\" data-id=\"336\">Process en ligne<\/a><\/p>\n","protected":false},"excerpt":{"rendered":"<p>Je suis Dr. Tu\u011f\u00e7e Acemo\u011flu, une psychologue clinicienne turque vivant actuellement en Espagne. Vous pouvez trouver toutes les informations sous les liens ci-dessous et me contacter ici. R\u00e9sum\u00e9 courtR\u00e9sum\u00e9 d\u00e9taill\u00e9Mes recherchesMes domains de travailProcess en ligne<\/p>\n","protected":false},"author":1,"featured_media":0,"parent":0,"menu_order":0,"comment_status":"closed","ping_status":"closed","template":"","meta":[],"_links":{"self":[{"href":"https:\/\/tugceacemoglu.com\/index.php\/wp-json\/wp\/v2\/pages\/214"}],"collection":[{"href":"https:\/\/tugceacemoglu.com\/index.php\/wp-json\/wp\/v2\/pages"}],"about":[{"href":"https:\/\/tugceacemoglu.com\/index.php\/wp-json\/wp\/v2\/types\/page"}],"author":[{"embeddable":true,"href":"https:\/\/tugceacemoglu.com\/index.php\/wp-json\/wp\/v2\/users\/1"}],"replies":[{"embeddable":true,"href":"https:\/\/tugceacemoglu.com\/index.php\/wp-json\/wp\/v2\/comments?post=214"}],"version-history":[{"count":50,"href":"https:\/\/tugceacemoglu.com\/index.php\/wp-json\/wp\/v2\/pages\/214\/revisions"}],"predecessor-version":[{"id":688,"href":"https:\/\/tugceacemoglu.com\/index.php\/wp-json\/wp\/v2\/pages\/214\/revisions\/688"}],"wp:attachment":[{"href":"https:\/\/tugceacemoglu.com\/index.php\/wp-json\/wp\/v2\/media?parent=214"}],"curies":[{"name":"wp","href":"https:\/\/api.w.org\/{rel}","templated":true}]}}