{"id":212,"date":"2020-11-02T10:24:11","date_gmt":"2020-11-02T09:24:11","guid":{"rendered":"http:\/\/tugceacemoglu.com\/?page_id=212"},"modified":"2021-04-24T20:16:18","modified_gmt":"2021-04-24T19:16:18","slug":"in-english","status":"publish","type":"page","link":"https:\/\/tugceacemoglu.com\/index.php\/in-english\/","title":{"rendered":"Welcome!"},"content":{"rendered":"\n<div class=\"wp-block-image\"><figure class=\"alignleft size-large is-resized\"><img loading=\"lazy\" src=\"http:\/\/tugceacemoglu.com\/wp-content\/uploads\/2020\/10\/tugce-596x1024.jpg\" alt=\"\" class=\"wp-image-143\" width=\"184\" height=\"317\" srcset=\"https:\/\/tugceacemoglu.com\/wp-content\/uploads\/2020\/10\/tugce-596x1024.jpg 596w, https:\/\/tugceacemoglu.com\/wp-content\/uploads\/2020\/10\/tugce-175x300.jpg 175w, https:\/\/tugceacemoglu.com\/wp-content\/uploads\/2020\/10\/tugce-600x1030.jpg 600w, https:\/\/tugceacemoglu.com\/wp-content\/uploads\/2020\/10\/tugce.jpg 625w\" sizes=\"(max-width: 184px) 100vw, 184px\" \/><\/figure><\/div>\n\n\n\n<p>I am Dr. Tu\u011f\u00e7e Acemo\u011flu, a Turkish clinical psychologist living in Spain. You can find information about my resume, areas of interest, research and work on this site, and <a rel=\"noreferrer noopener\" href=\"http:\/\/tugceacemoglu.com\/index.php\/contact\/\" data-type=\"URL\" data-id=\"http:\/\/tugceacemoglu.com\/index.php\/contact\/\" target=\"_blank\">contact me here<\/a>.<\/p>\n\n\n\n<p><a rel=\"noreferrer noopener\" href=\"http:\/\/tugceacemoglu.com\/index.php\/eng-short-cv\/\" data-type=\"page\" data-id=\"359\" target=\"_blank\">Short CV<\/a><br><a rel=\"noreferrer noopener\" href=\"http:\/\/tugceacemoglu.com\/index.php\/detailed-cv\/\" data-type=\"page\" data-id=\"360\" target=\"_blank\">Detailed CV<\/a><br><a rel=\"noreferrer noopener\" href=\"http:\/\/tugceacemoglu.com\/index.php\/eng-researches\/\" data-type=\"page\" data-id=\"363\" target=\"_blank\">My researches<\/a><br><a rel=\"noreferrer noopener\" href=\"http:\/\/tugceacemoglu.com\/index.php\/work-areas\/\" data-type=\"page\" data-id=\"361\" target=\"_blank\">My areas of work<\/a><br><a rel=\"noreferrer noopener\" href=\"http:\/\/tugceacemoglu.com\/index.php\/eng-online-process\/\" data-type=\"page\" data-id=\"362\" target=\"_blank\">Online process<\/a><\/p>\n","protected":false},"excerpt":{"rendered":"<p>I am Dr. Tu\u011f\u00e7e Acemo\u011flu, a Turkish clinical psychologist living in Spain. You can find information about my resume, areas of interest, research and work on this site, and contact me here. Short CVDetailed CVMy researchesMy areas of workOnline process<\/p>\n","protected":false},"author":1,"featured_media":0,"parent":0,"menu_order":0,"comment_status":"closed","ping_status":"closed","template":"","meta":[],"_links":{"self":[{"href":"https:\/\/tugceacemoglu.com\/index.php\/wp-json\/wp\/v2\/pages\/212"}],"collection":[{"href":"https:\/\/tugceacemoglu.com\/index.php\/wp-json\/wp\/v2\/pages"}],"about":[{"href":"https:\/\/tugceacemoglu.com\/index.php\/wp-json\/wp\/v2\/types\/page"}],"author":[{"embeddable":true,"href":"https:\/\/tugceacemoglu.com\/index.php\/wp-json\/wp\/v2\/users\/1"}],"replies":[{"embeddable":true,"href":"https:\/\/tugceacemoglu.com\/index.php\/wp-json\/wp\/v2\/comments?post=212"}],"version-history":[{"count":55,"href":"https:\/\/tugceacemoglu.com\/index.php\/wp-json\/wp\/v2\/pages\/212\/revisions"}],"predecessor-version":[{"id":689,"href":"https:\/\/tugceacemoglu.com\/index.php\/wp-json\/wp\/v2\/pages\/212\/revisions\/689"}],"wp:attachment":[{"href":"https:\/\/tugceacemoglu.com\/index.php\/wp-json\/wp\/v2\/media?parent=212"}],"curies":[{"name":"wp","href":"https:\/\/api.w.org\/{rel}","templated":true}]}}