{"id":20,"date":"2020-10-25T10:27:48","date_gmt":"2020-10-25T10:27:48","guid":{"rendered":"http:\/\/tugceacemoglu.com\/?page_id=20"},"modified":"2024-10-22T15:31:26","modified_gmt":"2024-10-22T14:31:26","slug":"ozgecmis","status":"publish","type":"page","link":"https:\/\/tugceacemoglu.com\/index.php\/ozgecmis\/","title":{"rendered":"K\u0131sa \u00f6zge\u00e7mi\u015f"},"content":{"rendered":"\n<p>2013 y\u0131l\u0131 itibariyle yeti\u015fkin ve gen\u00e7 yeti\u015fkin ya\u015f grubu ile \u00e7al\u0131\u015fmaya ba\u015flad\u0131m. Psikodinamik y\u00f6nelimle \u00e7al\u0131\u015f\u0131yorum. \u015eu anda \u0130spanya&#8217;da ya\u015famaktay\u0131m ve \u00e7al\u0131\u015fmalar\u0131ma hem internet \u00fczerinden hem de Barselona&#8217;da bir terapi merkezinde y\u00fcz y\u00fcze devam ediyorum. Yeti\u015fkin\/gen\u00e7 yeti\u015fkin ya\u015f grubu ile bireysel \u00e7al\u0131\u015fmalar\u0131n yan\u0131nda ebeveynlik \u00fczerine okuma gruplar\u0131 y\u00fcr\u00fctmekteyim. \u00c7al\u0131\u015ft\u0131\u011f\u0131m alanlar i\u00e7in <a rel=\"noreferrer noopener\" href=\"http:\/\/tugceacemoglu.com\/index.php\/172-2\/\" data-type=\"page\" data-id=\"172\" target=\"_blank\">buraya<\/a>, internet s\u00fcreci hakk\u0131nda bilgi i\u00e7in l\u00fctfen <a rel=\"noreferrer noopener\" href=\"http:\/\/tugceacemoglu.com\/index.php\/internet-uzerinden-terapi-nasil-ayarlaniyor-nasil-basliyor-nasil-ilerliyor\/\" target=\"_blank\">buraya<\/a> t\u0131klay\u0131n\u0131z.<\/p>\n\n\n\n<p>Fransa\u2019da Lumi\u00e8re Lyon 2 \u00dcniversitesi\u2019nde ba\u015flad\u0131\u011f\u0131m <span style=\"text-decoration: underline;\">Klinik Psikoloji Doktora<\/span> e\u011fitimimde \u201c<em>Ergenlikte Terap\u00f6tik Bir Ara\u00e7 Olarak Sinema<\/em>\u201d ba\u015fl\u0131kl\u0131 tezimi tamamlay\u0131p, Kas\u0131m 2019\u2019da mezun oldum. \u00c7al\u0131\u015fman\u0131n \u00f6zetine&nbsp;<a rel=\"noreferrer noopener\" href=\"http:\/\/tugceacemoglu.com\/index.php\/doktora-tez\/\" target=\"_blank\">buradan<\/a>&nbsp;ula\u015fabilirsiniz.<\/p>\n\n\n\n<p>\u0130stanbul Bilgi \u00dcniversitesi\u2019nde ba\u015flad\u0131\u011f\u0131m Klinik Psikoloji Y\u00fcksek Lisans e\u011fitimimde \u201c<em>\u0130li\u015fki Modellerinde Ba\u011flanma Stillerinin ve Utan\u00e7 E\u011filiminin Rol\u00fc<\/em>\u201d ba\u015fl\u0131kl\u0131 tezimi tamamlay\u0131p, Haziran 2014\u2019te mezun oldum. \u00c7al\u0131\u015fman\u0131n \u00f6zetine&nbsp;<a rel=\"noreferrer noopener\" href=\"http:\/\/tugceacemoglu.com\/index.php\/yuksek-lisans-tez\/\" target=\"_blank\">buradan<\/a>&nbsp;ula\u015fabilirsiniz.<\/p>\n\n\n\n<p><strong>Detayl\u0131 \u00f6zge\u00e7mi\u015f<\/strong> i\u00e7in <a href=\"http:\/\/tugceacemoglu.com\/index.php\/detayli-ozgecmis\/\" data-type=\"page\" data-id=\"29\">t\u0131klay\u0131n\u0131z<\/a>.<\/p>\n\n\n\n<p>Linkedin i\u00e7in <a href=\"http:\/\/linkedin.com\/in\/tu\u011f\u00e7e-toku\u015f-acemo\u011flu-19897416\" target=\"_blank\" rel=\"noreferrer noopener\">t\u0131klay\u0131n\u0131z<\/a>.<\/p>\n","protected":false},"excerpt":{"rendered":"<p>2013 y\u0131l\u0131 itibariyle yeti\u015fkin ve gen\u00e7 yeti\u015fkin ya\u015f grubu ile \u00e7al\u0131\u015fmaya ba\u015flad\u0131m. Psikodinamik y\u00f6nelimle \u00e7al\u0131\u015f\u0131yorum. \u015eu anda \u0130spanya&#8217;da ya\u015famaktay\u0131m ve \u00e7al\u0131\u015fmalar\u0131ma hem internet \u00fczerinden hem de Barselona&#8217;da bir terapi merkezinde y\u00fcz y\u00fcze devam ediyorum. Yeti\u015fkin\/gen\u00e7 yeti\u015fkin ya\u015f grubu ile bireysel \u00e7al\u0131\u015fmalar\u0131n yan\u0131nda ebeveynlik \u00fczerine okuma gruplar\u0131 y\u00fcr\u00fctmekteyim. \u00c7al\u0131\u015ft\u0131\u011f\u0131m alanlar i\u00e7in buraya, internet s\u00fcreci hakk\u0131nda bilgi [&hellip;]<\/p>\n","protected":false},"author":1,"featured_media":0,"parent":0,"menu_order":0,"comment_status":"closed","ping_status":"closed","template":"","meta":[],"_links":{"self":[{"href":"https:\/\/tugceacemoglu.com\/index.php\/wp-json\/wp\/v2\/pages\/20"}],"collection":[{"href":"https:\/\/tugceacemoglu.com\/index.php\/wp-json\/wp\/v2\/pages"}],"about":[{"href":"https:\/\/tugceacemoglu.com\/index.php\/wp-json\/wp\/v2\/types\/page"}],"author":[{"embeddable":true,"href":"https:\/\/tugceacemoglu.com\/index.php\/wp-json\/wp\/v2\/users\/1"}],"replies":[{"embeddable":true,"href":"https:\/\/tugceacemoglu.com\/index.php\/wp-json\/wp\/v2\/comments?post=20"}],"version-history":[{"count":25,"href":"https:\/\/tugceacemoglu.com\/index.php\/wp-json\/wp\/v2\/pages\/20\/revisions"}],"predecessor-version":[{"id":821,"href":"https:\/\/tugceacemoglu.com\/index.php\/wp-json\/wp\/v2\/pages\/20\/revisions\/821"}],"wp:attachment":[{"href":"https:\/\/tugceacemoglu.com\/index.php\/wp-json\/wp\/v2\/media?parent=20"}],"curies":[{"name":"wp","href":"https:\/\/api.w.org\/{rel}","templated":true}]}}