{"id":2,"date":"2020-10-24T22:41:00","date_gmt":"2020-10-24T22:41:00","guid":{"rendered":"http:\/\/tugceacemoglu.com\/?page_id=2"},"modified":"2021-04-24T20:15:48","modified_gmt":"2021-04-24T19:15:48","slug":"sample-page","status":"publish","type":"page","link":"https:\/\/tugceacemoglu.com\/","title":{"rendered":"Merhaba!"},"content":{"rendered":"\n<p>For English, please click <a href=\"http:\/\/tugceacemoglu.com\/index.php\/in-english\/\" data-type=\"page\" data-id=\"212\">here<\/a>.<br>Pour Fran\u00e7ais, veuillez cliquer <a href=\"http:\/\/tugceacemoglu.com\/index.php\/en-francais\/\" data-type=\"page\" data-id=\"214\">ici<\/a>.<\/p>\n\n\n\n<div class=\"wp-block-image\"><figure class=\"alignleft size-large is-resized\"><img loading=\"lazy\" src=\"http:\/\/tugceacemoglu.com\/wp-content\/uploads\/2020\/10\/tugce-596x1024.jpg\" alt=\"\" class=\"wp-image-143\" width=\"184\" height=\"317\" srcset=\"https:\/\/tugceacemoglu.com\/wp-content\/uploads\/2020\/10\/tugce-596x1024.jpg 596w, https:\/\/tugceacemoglu.com\/wp-content\/uploads\/2020\/10\/tugce-175x300.jpg 175w, https:\/\/tugceacemoglu.com\/wp-content\/uploads\/2020\/10\/tugce-600x1030.jpg 600w, https:\/\/tugceacemoglu.com\/wp-content\/uploads\/2020\/10\/tugce.jpg 625w\" sizes=\"(max-width: 184px) 100vw, 184px\" \/><\/figure><\/div>\n\n\n\n<p>Sayfama ho\u015fgeldiniz.<\/p>\n\n\n\n<p>Ben Dr. Tu\u011f\u00e7e Acemo\u011flu, \u0130spanya&#8217;da ya\u015fayan bir klinik psikolo\u011fum. \u00d6zge\u00e7mi\u015fim, ara\u015ft\u0131rmalar\u0131m ve \u00e7al\u0131\u015ft\u0131\u011f\u0131m alanlar ile ilgili bilgileri bu sitede bulabilir, bana <a rel=\"noreferrer noopener\" href=\"http:\/\/tugceacemoglu.com\/index.php\/iletisim\/\" data-type=\"page\" data-id=\"33\" target=\"_blank\">buradan<\/a> ula\u015fabilirsiniz.<\/p>\n\n\n\n<p>\u0130nan\u0131yorum ki,<br><strong>&#8220;\u0130nsan\u0131n kendini anlatmas\u0131ndan daha zor ve daha yararl\u0131 hi\u00e7bir \u015fey yoktur.&#8221; Montaigne<\/strong><\/p>\n\n\n\n<p><\/p>\n","protected":false},"excerpt":{"rendered":"<p>For English, please click here.Pour Fran\u00e7ais, veuillez cliquer ici. Sayfama ho\u015fgeldiniz. Ben Dr. Tu\u011f\u00e7e Acemo\u011flu, \u0130spanya&#8217;da ya\u015fayan bir klinik psikolo\u011fum. \u00d6zge\u00e7mi\u015fim, ara\u015ft\u0131rmalar\u0131m ve \u00e7al\u0131\u015ft\u0131\u011f\u0131m alanlar ile ilgili bilgileri bu sitede bulabilir, bana buradan ula\u015fabilirsiniz. \u0130nan\u0131yorum ki,&#8220;\u0130nsan\u0131n kendini anlatmas\u0131ndan daha zor ve daha yararl\u0131 hi\u00e7bir \u015fey yoktur.&#8221; Montaigne<\/p>\n","protected":false},"author":1,"featured_media":0,"parent":0,"menu_order":0,"comment_status":"closed","ping_status":"open","template":"","meta":[],"_links":{"self":[{"href":"https:\/\/tugceacemoglu.com\/index.php\/wp-json\/wp\/v2\/pages\/2"}],"collection":[{"href":"https:\/\/tugceacemoglu.com\/index.php\/wp-json\/wp\/v2\/pages"}],"about":[{"href":"https:\/\/tugceacemoglu.com\/index.php\/wp-json\/wp\/v2\/types\/page"}],"author":[{"embeddable":true,"href":"https:\/\/tugceacemoglu.com\/index.php\/wp-json\/wp\/v2\/users\/1"}],"replies":[{"embeddable":true,"href":"https:\/\/tugceacemoglu.com\/index.php\/wp-json\/wp\/v2\/comments?post=2"}],"version-history":[{"count":27,"href":"https:\/\/tugceacemoglu.com\/index.php\/wp-json\/wp\/v2\/pages\/2\/revisions"}],"predecessor-version":[{"id":687,"href":"https:\/\/tugceacemoglu.com\/index.php\/wp-json\/wp\/v2\/pages\/2\/revisions\/687"}],"wp:attachment":[{"href":"https:\/\/tugceacemoglu.com\/index.php\/wp-json\/wp\/v2\/media?parent=2"}],"curies":[{"name":"wp","href":"https:\/\/api.w.org\/{rel}","templated":true}]}}