{"id":172,"date":"2020-10-29T14:26:00","date_gmt":"2020-10-29T13:26:00","guid":{"rendered":"http:\/\/tugceacemoglu.com\/?page_id=172"},"modified":"2021-05-01T17:03:24","modified_gmt":"2021-05-01T16:03:24","slug":"172-2","status":"publish","type":"page","link":"https:\/\/tugceacemoglu.com\/index.php\/172-2\/","title":{"rendered":"\u00c7al\u0131\u015fma Alanlar\u0131"},"content":{"rendered":"\n<ul><li>2013 y\u0131l\u0131ndan beri yeti\u015fkin ve gen\u00e7 yeti\u015fkin ya\u015f grubu ile psikodinamik\/psikanalitik y\u00f6nelimle \u00e7al\u0131\u015f\u0131yorum:<br>Depresif ve kayg\u0131 ile ilgili problemler, ki\u015finin kendisine dair duygu, d\u00fc\u015f\u00fcnce ve davran\u0131\u015flardan muzdarip, ili\u015fkisel problemler, uyum sorunlar\u0131, ya\u015fam y\u00f6netiminde g\u00fc\u00e7l\u00fck, kayg\u0131 ve stresle ba\u015fa \u00e7\u0131kmakta zorluk ve benzeri \u015fekillerde tan\u0131mlanabilecek durumlarda bireysel destek sa\u011fl\u0131yorum.<\/li><\/ul>\n\n\n\n<ul><li>Bireysel \u00e7al\u0131\u015fmalar\u0131m\u0131n yan\u0131nda ebeveynlik \u00fczerine okuma gruplar\u0131 y\u00fcr\u00fctmekte ve ergen ya\u015f grubu ile sinema ve yaz\u0131 ara\u00e7lar\u0131n\u0131 kullanarak terap\u00f6tik grup \u00e7al\u0131\u015fmalar\u0131 yapmaktay\u0131m.<\/li><\/ul>\n\n\n\n<ul><li>Ebeveyn ruh sa\u011fl\u0131\u011f\u0131n\u0131 korumak, anne-babalara destek olmak, \u00e7ekirdek aile i\u00e7indeki ili\u015fkilere iyi gelmek amac\u0131yla, \u00e7ocuk yeti\u015ftirirken ya\u015fananlar\u0131 ve \u00e7ocukla ileti\u015fimi temel alarak yeti\u015fkinlerde bireysel fark\u0131ndal\u0131\u011f\u0131 artt\u0131rmay\u0131 hedefleyen bir platform\/mikro yay\u0131n i\u00e7eri\u011fi \u00fczerine \u00e7al\u0131\u015f\u0131yorum: <a rel=\"noreferrer noopener\" href=\"http:\/\/www.cekirdekgunluk.com\" data-type=\"URL\" data-id=\"www.cekirdekgunluk.com\" target=\"_blank\">www.cekirdekgunluk.com<\/a>.<\/li><\/ul>\n\n\n\n<p><\/p>\n","protected":false},"excerpt":{"rendered":"<p>2013 y\u0131l\u0131ndan beri yeti\u015fkin ve gen\u00e7 yeti\u015fkin ya\u015f grubu ile psikodinamik\/psikanalitik y\u00f6nelimle \u00e7al\u0131\u015f\u0131yorum:Depresif ve kayg\u0131 ile ilgili problemler, ki\u015finin kendisine dair duygu, d\u00fc\u015f\u00fcnce ve davran\u0131\u015flardan muzdarip, ili\u015fkisel problemler, uyum sorunlar\u0131, ya\u015fam y\u00f6netiminde g\u00fc\u00e7l\u00fck, kayg\u0131 ve stresle ba\u015fa \u00e7\u0131kmakta zorluk ve benzeri \u015fekillerde tan\u0131mlanabilecek durumlarda bireysel destek sa\u011fl\u0131yorum. Bireysel \u00e7al\u0131\u015fmalar\u0131m\u0131n yan\u0131nda ebeveynlik \u00fczerine okuma gruplar\u0131 y\u00fcr\u00fctmekte [&hellip;]<\/p>\n","protected":false},"author":1,"featured_media":0,"parent":0,"menu_order":0,"comment_status":"closed","ping_status":"closed","template":"","meta":[],"_links":{"self":[{"href":"https:\/\/tugceacemoglu.com\/index.php\/wp-json\/wp\/v2\/pages\/172"}],"collection":[{"href":"https:\/\/tugceacemoglu.com\/index.php\/wp-json\/wp\/v2\/pages"}],"about":[{"href":"https:\/\/tugceacemoglu.com\/index.php\/wp-json\/wp\/v2\/types\/page"}],"author":[{"embeddable":true,"href":"https:\/\/tugceacemoglu.com\/index.php\/wp-json\/wp\/v2\/users\/1"}],"replies":[{"embeddable":true,"href":"https:\/\/tugceacemoglu.com\/index.php\/wp-json\/wp\/v2\/comments?post=172"}],"version-history":[{"count":36,"href":"https:\/\/tugceacemoglu.com\/index.php\/wp-json\/wp\/v2\/pages\/172\/revisions"}],"predecessor-version":[{"id":691,"href":"https:\/\/tugceacemoglu.com\/index.php\/wp-json\/wp\/v2\/pages\/172\/revisions\/691"}],"wp:attachment":[{"href":"https:\/\/tugceacemoglu.com\/index.php\/wp-json\/wp\/v2\/media?parent=172"}],"curies":[{"name":"wp","href":"https:\/\/api.w.org\/{rel}","templated":true}]}}