{"id":157,"date":"2020-10-27T23:05:58","date_gmt":"2020-10-27T22:05:58","guid":{"rendered":"http:\/\/tugceacemoglu.com\/?page_id=157"},"modified":"2020-11-16T16:30:45","modified_gmt":"2020-11-16T15:30:45","slug":"internet-uzerinden-terapi-nasil-ayarlaniyor-nasil-basliyor-nasil-ilerliyor","status":"publish","type":"page","link":"https:\/\/tugceacemoglu.com\/index.php\/internet-uzerinden-terapi-nasil-ayarlaniyor-nasil-basliyor-nasil-ilerliyor\/","title":{"rendered":"\u00c7evrimi\u00e7i G\u00f6r\u00fc\u015fme S\u00fcreci"},"content":{"rendered":"\n<p><strong>\u0130nternet \u00fczerinden s\u00fcre\u00e7 nas\u0131l ayarlan\u0131yor, nas\u0131l ba\u015fl\u0131yor, nas\u0131l ilerliyor?<\/strong><\/p>\n\n\n\n<p>Bana ula\u015ft\u0131\u011f\u0131n\u0131zda \u00f6nce telefonda bir \u00f6n g\u00f6r\u00fc\u015fme yap\u0131yoruz: K\u0131sa bir tan\u0131\u015fma ve sizi bana ula\u015ft\u0131ran durumun, \u015fikayetlerinizin k\u0131sa bir payla\u015f\u0131m\u0131 sonras\u0131nda size yard\u0131mc\u0131 olup olamayaca\u011f\u0131m\u0131 konu\u015fuyor, bir ilk g\u00f6r\u00fc\u015fme yap\u0131p yapmamaya birlikte karar veriyoruz.<\/p>\n\n\n\n<p>\u0130lk g\u00f6r\u00fc\u015fme yapmaya karar verdi\u011fimiz durumda hangi platform \u00fczerinden g\u00f6r\u00fc\u015fece\u011fimizi konu\u015fuyor, her iki tarafa uygun bir g\u00fcn ve saat belirliyoruz.<\/p>\n\n\n\n<p>S\u00fcrecin nas\u0131l ilerleyece\u011fini ise ilk g\u00f6r\u00fc\u015fmede konu\u015fuyoruz.<\/p>\n\n\n\n<p>Bana <a rel=\"noreferrer noopener\" href=\"http:\/\/tugceacemoglu.com\/index.php\/iletisim\/\" data-type=\"page\" data-id=\"33\" target=\"_blank\">\u0130leti\u015fim<\/a> sayfas\u0131ndaki kanallardan ula\u015fabilirsiniz. Mesaj ya da mail \u00fczerinden ula\u015ft\u0131\u011f\u0131n\u0131z durumda size ilk f\u0131rsatta geri d\u00f6n\u00fc\u015f yapaca\u011f\u0131m.<\/p>\n","protected":false},"excerpt":{"rendered":"<p>\u0130nternet \u00fczerinden s\u00fcre\u00e7 nas\u0131l ayarlan\u0131yor, nas\u0131l ba\u015fl\u0131yor, nas\u0131l ilerliyor? Bana ula\u015ft\u0131\u011f\u0131n\u0131zda \u00f6nce telefonda bir \u00f6n g\u00f6r\u00fc\u015fme yap\u0131yoruz: K\u0131sa bir tan\u0131\u015fma ve sizi bana ula\u015ft\u0131ran durumun, \u015fikayetlerinizin k\u0131sa bir payla\u015f\u0131m\u0131 sonras\u0131nda size yard\u0131mc\u0131 olup olamayaca\u011f\u0131m\u0131 konu\u015fuyor, bir ilk g\u00f6r\u00fc\u015fme yap\u0131p yapmamaya birlikte karar veriyoruz. \u0130lk g\u00f6r\u00fc\u015fme yapmaya karar verdi\u011fimiz durumda hangi platform \u00fczerinden g\u00f6r\u00fc\u015fece\u011fimizi konu\u015fuyor, her [&hellip;]<\/p>\n","protected":false},"author":1,"featured_media":0,"parent":0,"menu_order":0,"comment_status":"closed","ping_status":"closed","template":"","meta":[],"_links":{"self":[{"href":"https:\/\/tugceacemoglu.com\/index.php\/wp-json\/wp\/v2\/pages\/157"}],"collection":[{"href":"https:\/\/tugceacemoglu.com\/index.php\/wp-json\/wp\/v2\/pages"}],"about":[{"href":"https:\/\/tugceacemoglu.com\/index.php\/wp-json\/wp\/v2\/types\/page"}],"author":[{"embeddable":true,"href":"https:\/\/tugceacemoglu.com\/index.php\/wp-json\/wp\/v2\/users\/1"}],"replies":[{"embeddable":true,"href":"https:\/\/tugceacemoglu.com\/index.php\/wp-json\/wp\/v2\/comments?post=157"}],"version-history":[{"count":13,"href":"https:\/\/tugceacemoglu.com\/index.php\/wp-json\/wp\/v2\/pages\/157\/revisions"}],"predecessor-version":[{"id":579,"href":"https:\/\/tugceacemoglu.com\/index.php\/wp-json\/wp\/v2\/pages\/157\/revisions\/579"}],"wp:attachment":[{"href":"https:\/\/tugceacemoglu.com\/index.php\/wp-json\/wp\/v2\/media?parent=157"}],"curies":[{"name":"wp","href":"https:\/\/api.w.org\/{rel}","templated":true}]}}