{"id":110,"date":"2020-10-27T07:17:36","date_gmt":"2020-10-27T06:17:36","guid":{"rendered":"http:\/\/tugceacemoglu.com\/?page_id=110"},"modified":"2021-06-14T16:03:55","modified_gmt":"2021-06-14T15:03:55","slug":"doktora-donemi-hakkinda","status":"publish","type":"page","link":"https:\/\/tugceacemoglu.com\/index.php\/doktora-donemi-hakkinda\/","title":{"rendered":"Doktora \u00c7al\u0131\u015fmas\u0131 Hakk\u0131nda"},"content":{"rendered":"\n<p>Doktora program\u0131 esnas\u0131nda be\u015f ayr\u0131 kurumda \u00e7al\u0131\u015ft\u0131m, kendi se\u00e7ti\u011fim k\u0131sa (animasyon) filmleri kullanarak ergenlerle terap\u00f6tik grup seanslar\u0131 y\u00fcr\u00fctt\u00fcm ve bu seanslar\u0131n detayl\u0131 d\u00f6k\u00fcmleri \u00fczerinden psikanalitik\/psikodinamik s\u00fcre\u00e7 analizi yapt\u0131m.<\/p>\n\n\n\n<p>Bu tez \u00e7al\u0131\u015fmas\u0131nda, uygun ve gerekli \u015fartlar sa\u011fland\u0131\u011f\u0131nda sineman\u0131n ki\u015finin i\u00e7 d\u00fcnyas\u0131na ula\u015fmada bir ara\u00e7 olabilece\u011fini ve \u00f6zellikle sonras\u0131nda yaz\u0131 \u00e7al\u0131\u015fmas\u0131 ile desteklendi\u011finde terap\u00f6tik bir ara\u00e7 olarak kullan\u0131labilece\u011fini savunmakta, hipotezlerimi kendi prati\u011fimden klinik \u00f6rnekler \u00fczerinden desteklemekteyim. <\/p>\n\n\n\n<p>Tez \u00e7al\u0131\u015fmas\u0131n\u0131 y\u00fcr\u00fctt\u00fc\u011f\u00fcm be\u015f merkez aras\u0131nda psikiyatri hastaneleri ile ergenlerle grup \u00e7al\u0131\u015fmalar\u0131 yapan ve terapi s\u00fcreci y\u00fcr\u00fcten merkezler bulunmaktad\u0131r. Bu merkezlerde benzer ya\u015flarda ancak farkl\u0131 patolojilerde ki\u015filerle kar\u015f\u0131la\u015ft\u0131m, b\u00f6ylece \u00e7e\u015fitli gruplarla \u00e7al\u0131\u015fma f\u0131rsat\u0131 buldum. Ayn\u0131 zamanda, kurum toplant\u0131lar\u0131na d\u00fczenli bir \u015fekilde kat\u0131l\u0131p, kurumda \u00e7al\u0131\u015fan klinisyenlerle birlikte grup y\u00f6netme olana\u011f\u0131m oldu.<\/p>\n\n\n\n<p>Doktoraya devam etti\u011fim s\u00fcre boyunca, ayda bir kere olmak \u00fczere di\u011fer doktora \u00f6\u011frencileri ile birlikte, i\u00e7lerinde Prof. Ren\u00e9 Roussillon\u2019un da bulundu\u011fu d\u00f6rt profes\u00f6r taraf\u0131ndan y\u00fcr\u00fct\u00fclen ara\u015ft\u0131rma seminerlerine kat\u0131l\u0131p, di\u011fer ara\u015ft\u0131rmalar\u0131 detayl\u0131ca dinleme, kendi ara\u015ft\u0131rmas\u0131n\u0131 sunma ve kapsaml\u0131 geribildirimler alma imkan\u0131m olmu\u015ftur.<\/p>\n","protected":false},"excerpt":{"rendered":"<p>Doktora program\u0131 esnas\u0131nda be\u015f ayr\u0131 kurumda \u00e7al\u0131\u015ft\u0131m, kendi se\u00e7ti\u011fim k\u0131sa (animasyon) filmleri kullanarak ergenlerle terap\u00f6tik grup seanslar\u0131 y\u00fcr\u00fctt\u00fcm ve bu seanslar\u0131n detayl\u0131 d\u00f6k\u00fcmleri \u00fczerinden psikanalitik\/psikodinamik s\u00fcre\u00e7 analizi yapt\u0131m. Bu tez \u00e7al\u0131\u015fmas\u0131nda, uygun ve gerekli \u015fartlar sa\u011fland\u0131\u011f\u0131nda sineman\u0131n ki\u015finin i\u00e7 d\u00fcnyas\u0131na ula\u015fmada bir ara\u00e7 olabilece\u011fini ve \u00f6zellikle sonras\u0131nda yaz\u0131 \u00e7al\u0131\u015fmas\u0131 ile desteklendi\u011finde terap\u00f6tik bir ara\u00e7 olarak [&hellip;]<\/p>\n","protected":false},"author":1,"featured_media":0,"parent":0,"menu_order":0,"comment_status":"closed","ping_status":"closed","template":"","meta":[],"_links":{"self":[{"href":"https:\/\/tugceacemoglu.com\/index.php\/wp-json\/wp\/v2\/pages\/110"}],"collection":[{"href":"https:\/\/tugceacemoglu.com\/index.php\/wp-json\/wp\/v2\/pages"}],"about":[{"href":"https:\/\/tugceacemoglu.com\/index.php\/wp-json\/wp\/v2\/types\/page"}],"author":[{"embeddable":true,"href":"https:\/\/tugceacemoglu.com\/index.php\/wp-json\/wp\/v2\/users\/1"}],"replies":[{"embeddable":true,"href":"https:\/\/tugceacemoglu.com\/index.php\/wp-json\/wp\/v2\/comments?post=110"}],"version-history":[{"count":9,"href":"https:\/\/tugceacemoglu.com\/index.php\/wp-json\/wp\/v2\/pages\/110\/revisions"}],"predecessor-version":[{"id":701,"href":"https:\/\/tugceacemoglu.com\/index.php\/wp-json\/wp\/v2\/pages\/110\/revisions\/701"}],"wp:attachment":[{"href":"https:\/\/tugceacemoglu.com\/index.php\/wp-json\/wp\/v2\/media?parent=110"}],"curies":[{"name":"wp","href":"https:\/\/api.w.org\/{rel}","templated":true}]}}